{"id":2542,"date":"2021-04-09T10:58:36","date_gmt":"2021-04-09T09:58:36","guid":{"rendered":"https:\/\/www.svetruck.se\/?page_id=2542"},"modified":"2024-10-30T09:25:14","modified_gmt":"2024-10-30T08:25:14","slug":"impressum","status":"publish","type":"page","link":"https:\/\/www.svetruck.se\/de\/impressum\/","title":{"rendered":"Impressum"},"content":{"rendered":"\n<style type=\"text\/css\" data-created_by=\"avia_inline_auto\" id=\"style-css-av-4qhj1a-0deec57dfca19d7608fa6bd7c3e1a25a\">\n.flex_column.av-4qhj1a-0deec57dfca19d7608fa6bd7c3e1a25a{\nborder-radius:0px 0px 0px 0px;\npadding:0px 0px 0px 0px;\n}\n<\/style>\n<div  class='flex_column av-4qhj1a-0deec57dfca19d7608fa6bd7c3e1a25a av_one_half  avia-builder-el-0  el_before_av_one_half  avia-builder-el-first  first flex_column_div av-zero-column-padding  '     ><section  class='av_textblock_section av-kna4k141-c986e4f3ef4ab2675b6eafe4f9e34c5d '   itemscope=\"itemscope\" itemtype=\"https:\/\/schema.org\/CreativeWork\" ><div class='avia_textblock'  itemprop=\"text\" ><div>\n<h3>Anschrift<\/h3>\n<p><strong>Svetruck AB<\/strong><br \/>\nBox 321, SE-341 26 Ljungby, Schweden<br \/>\nBesuchsadresse: L\u00e5nggatan 29, Ljungby<\/p>\n<p>Telefon: <a href=\"callto:+46 372 866 00\">+46 372 866 00<\/a><br \/>\nTelefax: +46 372 866 01<\/p>\n<p>E-Mail: <a href=\"mailto:info@svetruck.com\">info@svetruck.com<\/a><\/p>\n<h3>Gesch\u00e4ftsf\u00fchrer<\/h3>\n<p>Roger Andersson<br \/>\nVerantwortlich f\u00fcr die Inhalte dieser Internetpr\u00e4senz gem\u00e4\u00df Teledienstgesetz<\/p>\n<p>VAT.NR. SE 556195087301<\/p>\n<\/div>\n<\/div><\/section><br \/>\n\n<style type=\"text\/css\" data-created_by=\"avia_inline_auto\" id=\"style-css-av-kna5cwy4-f6f0e129219740ae2497624e9adeb893\">\n#top .hr.hr-invisible.av-kna5cwy4-f6f0e129219740ae2497624e9adeb893{\nheight:30px;\n}\n<\/style>\n<div  class='hr av-kna5cwy4-f6f0e129219740ae2497624e9adeb893 hr-invisible  avia-builder-el-2  el_after_av_textblock  el_before_av_textblock '><span class='hr-inner '><span class=\"hr-inner-style\"><\/span><\/span><\/div><br \/>\n<section  class='av_textblock_section av-kna5atkl-8691e4637fb0965011f01ee04c9097eb '   itemscope=\"itemscope\" itemtype=\"https:\/\/schema.org\/CreativeWork\" ><div class='avia_textblock'  itemprop=\"text\" ><div>\n<p><strong>Gestaltung: Condesign Infocom AB<\/strong> <a href=\"http:\/\/www.condesign.se\">www.condesign.se<\/a><\/p>\n<\/div>\n<div>\n<p><strong>Hosting: Microbus AB<\/strong> <a href=\"https:\/\/www.resurscentrum.se\/\" target=\"_blank\" rel=\"noopener\">IRC Ljungby<\/a><\/p>\n<\/div>\n<\/div><\/section><\/p><\/div>\n<style type=\"text\/css\" data-created_by=\"avia_inline_auto\" id=\"style-css-av-2d7ece-75d9c89a21ccb8dd554b959ea4ee81eb\">\n.flex_column.av-2d7ece-75d9c89a21ccb8dd554b959ea4ee81eb{\nborder-radius:0px 0px 0px 0px;\npadding:0px 0px 0px 0px;\n}\n<\/style>\n<div  class='flex_column av-2d7ece-75d9c89a21ccb8dd554b959ea4ee81eb av_one_half  avia-builder-el-4  el_after_av_one_half  avia-builder-el-last  flex_column_div av-zero-column-padding  '     ><section  class='av_textblock_section av-kna4z02e-9fd80bbf8b17d3d1f1e62e09358fe2fa '   itemscope=\"itemscope\" itemtype=\"https:\/\/schema.org\/CreativeWork\" ><div class='avia_textblock'  itemprop=\"text\" ><div>\n<h3>Allgemeine Gesch\u00e4ftsbedingungen<\/h3>\n<p>Wir arbeiten &#8211; insofern nicht im Einzelfall anders vereinbart &#8211; ausschlie\u00dflich nach <a href=\"http:\/\/dejure.org\/gesetze\/BGB\" target=\"_blank\" rel=\"noopener\">BGB<\/a>.<\/p>\n<h3>Datenschutzhinweis<\/h3>\n<p>Im Rahmen Ihres Besuchs dieser Homepage erheben wir keine personenbezogenen Daten, sondern lediglich Daten zur statistischen Auswertung der Nutzung (&#8222;Google Analytics&#8220;). Von Ihnen \u00fcbermittelte Daten \u00fcber ein Kontaktformular oder per E-Mail werden von uns vertraulich behandelt und nur im Rahmen Ihrer Anfrage genutzt.<br \/>\nEine Weitergabe Ihrer Daten an Dritte findet in keinem Fall statt.<\/p>\n<h3>Haftungshinweis<\/h3>\n<p>Die Inhalte externer Links werden von uns sorgf\u00e4ltig gepr\u00fcft. Wir \u00fcbernehmen dennoch keine Haftung f\u00fcr die Inhalte der mit oder von dieser Website verlinkten externen Seiten. F\u00fcr die Inhalte dieser Seiten sind ausschlie\u00dflich deren Anbieter oder Betreiber verantwortlich.<\/p>\n<h3>Copyright<\/h3>\n<p>Die Inhalte dieser Internetseiten sind urheberrechtlich gesch\u00fctzt. Dies gilt f\u00fcr die visuellen Elemente und Daten (wie Fotos, Grafiken, Logos, etc.) wie f\u00fcr alle Texte und sonstigen Daten.<\/p>\n<\/div>\n<\/div><\/section><\/div><\/p>\n","protected":false},"excerpt":{"rendered":"","protected":false},"author":2,"featured_media":0,"parent":0,"menu_order":120,"comment_status":"closed","ping_status":"closed","template":"","meta":{"_monsterinsights_skip_tracking":false,"_monsterinsights_sitenote_active":false,"_monsterinsights_sitenote_note":"","_monsterinsights_sitenote_category":0,"footnotes":""},"class_list":["post-2542","page","type-page","status-publish","hentry"],"aioseo_notices":[],"_links":{"self":[{"href":"https:\/\/www.svetruck.se\/de\/wp-json\/wp\/v2\/pages\/2542","targetHints":{"allow":["GET"]}}],"collection":[{"href":"https:\/\/www.svetruck.se\/de\/wp-json\/wp\/v2\/pages"}],"about":[{"href":"https:\/\/www.svetruck.se\/de\/wp-json\/wp\/v2\/types\/page"}],"author":[{"embeddable":true,"href":"https:\/\/www.svetruck.se\/de\/wp-json\/wp\/v2\/users\/2"}],"replies":[{"embeddable":true,"href":"https:\/\/www.svetruck.se\/de\/wp-json\/wp\/v2\/comments?post=2542"}],"version-history":[{"count":8,"href":"https:\/\/www.svetruck.se\/de\/wp-json\/wp\/v2\/pages\/2542\/revisions"}],"predecessor-version":[{"id":2782,"href":"https:\/\/www.svetruck.se\/de\/wp-json\/wp\/v2\/pages\/2542\/revisions\/2782"}],"wp:attachment":[{"href":"https:\/\/www.svetruck.se\/de\/wp-json\/wp\/v2\/media?parent=2542"}],"curies":[{"name":"wp","href":"https:\/\/api.w.org\/{rel}","templated":true}]}}