{"id":2364,"date":"2024-11-05T15:36:35","date_gmt":"2024-11-05T14:36:35","guid":{"rendered":"https:\/\/www.svetruck.se\/?page_id=2364"},"modified":"2024-11-05T16:00:43","modified_gmt":"2024-11-05T15:00:43","slug":"nachhaltigkeit","status":"publish","type":"page","link":"https:\/\/www.svetruck.se\/de\/kontakte\/nachhaltigkeit\/","title":{"rendered":"Nachhaltigkeit"},"content":{"rendered":"\n<style type=\"text\/css\" data-created_by=\"avia_inline_auto\" id=\"style-css-av-gizcqi-3b5af00d6a8ab1038b097211a0f7ad4b\">\n.flex_column.av-gizcqi-3b5af00d6a8ab1038b097211a0f7ad4b{\nborder-radius:0px 0px 0px 0px;\npadding:0px 0px 0px 0px;\n}\n<\/style>\n<div  class='flex_column av-gizcqi-3b5af00d6a8ab1038b097211a0f7ad4b av_one_half  avia-builder-el-0  el_before_av_one_half  avia-builder-el-first  first flex_column_div av-animated-generic bottom-to-top av-zero-column-padding  '     ><section  class='av_textblock_section av-bj1356-41543d2dd938cbcf02f4b4e87d085774 '   itemscope=\"itemscope\" itemtype=\"https:\/\/schema.org\/CreativeWork\" ><div class='avia_textblock'  itemprop=\"text\" ><h1>Nachhaltigkeit<\/h1>\n<\/div><\/section><br \/>\n<section  class='av_textblock_section av-7wdxve-f516f2c5c1b3bca91f8758cb45b5e5dc '   itemscope=\"itemscope\" itemtype=\"https:\/\/schema.org\/CreativeWork\" ><div class='avia_textblock'  itemprop=\"text\" ><p>Svetruck AB ist Schwedens gr\u00f6\u00dfter privater Gabelstaplerhersteller mit etwa 200 Mitarbeitern in unserem Produktionswerk in Ljungby. Wir haben Vertriebs- und Serviceeinheiten in Deutschland, Belgien und den USA. Unsere Produktion ist auf die Herstellung von Gabelstaplern f\u00fcr verschiedene M\u00e4rkte ausgerichtet. Rund 95% des Verkaufs erfolgt in Europa, 5% werden in andere Teile der Welt exportiert.<\/p>\n<p><strong>Svetruck berichtet \u00fcber vier priorisierte Nachhaltigkeitsbereiche:<\/strong><\/p>\n<ul>\n<li>Umwelt<\/li>\n<li>Personal<\/li>\n<li>Soziale Bedingungen und Menschenrechte<\/li>\n<li>Korruptionsbek\u00e4mpfung<\/li>\n<\/ul>\n<\/div><\/section><\/p><\/div>\n\n<style type=\"text\/css\" data-created_by=\"avia_inline_auto\" id=\"style-css-av-cpnxru-e462c0575cb8cddd061ce3c9260ffba0\">\n.flex_column.av-cpnxru-e462c0575cb8cddd061ce3c9260ffba0{\nborder-radius:0px 0px 0px 0px;\npadding:0px 0px 0px 0px;\n}\n<\/style>\n<div  class='flex_column av-cpnxru-e462c0575cb8cddd061ce3c9260ffba0 av_one_half  avia-builder-el-3  el_after_av_one_half  el_before_av_section  avia-builder-el-last  flex_column_div av-zero-column-padding  '     ><style type=\"text\/css\" data-created_by=\"avia_inline_auto\" id=\"style-css-av-eg8t62-cc492d2b5a15cca90a7df5fcf02dfbf9\">\n.avia-image-container.av-eg8t62-cc492d2b5a15cca90a7df5fcf02dfbf9 img.avia_image{\nbox-shadow:none;\n}\n.avia-image-container.av-eg8t62-cc492d2b5a15cca90a7df5fcf02dfbf9 .av-image-caption-overlay-center{\ncolor:#ffffff;\n}\n<\/style>\n<div  class='avia-image-container av-eg8t62-cc492d2b5a15cca90a7df5fcf02dfbf9 av-styling- avia-align-center  avia-builder-el-4  avia-builder-el-no-sibling '   itemprop=\"image\" itemscope=\"itemscope\" itemtype=\"https:\/\/schema.org\/ImageObject\" ><div class=\"avia-image-container-inner\"><div class=\"avia-image-overlay-wrap\"><img decoding=\"async\" fetchpriority=\"high\" class='wp-image-2040 avia-img-lazy-loading-not-2040 avia_image ' src=\"https:\/\/www.svetruck.se\/wp-content\/uploads\/2016\/05\/backgrund_fork2-1030x634-e1464091802270-1030x499.jpg\" alt='' title='backgrund_fork2-1030x634'  height=\"499\" width=\"1030\"  itemprop=\"thumbnailUrl\" srcset=\"https:\/\/www.svetruck.se\/wp-content\/uploads\/2016\/05\/backgrund_fork2-1030x634-e1464091802270.jpg 1030w, https:\/\/www.svetruck.se\/wp-content\/uploads\/2016\/05\/backgrund_fork2-1030x634-e1464091802270-300x145.jpg 300w, https:\/\/www.svetruck.se\/wp-content\/uploads\/2016\/05\/backgrund_fork2-1030x634-e1464091802270-768x372.jpg 768w, https:\/\/www.svetruck.se\/wp-content\/uploads\/2016\/05\/backgrund_fork2-1030x634-e1464091802270-705x342.jpg 705w, https:\/\/www.svetruck.se\/wp-content\/uploads\/2016\/05\/backgrund_fork2-1030x634-e1464091802270-450x218.jpg 450w\" sizes=\"(max-width: 1030px) 100vw, 1030px\" \/><\/div><\/div><\/div><\/div>\n<\/div><\/div><\/div><!-- close content main div --><\/div><\/div>\n<style type=\"text\/css\" data-created_by=\"avia_inline_auto\" id=\"style-css-av-1tut1n-77d44ae802fd82ac9aca4202e1e36edb\">\n.avia-section.av-1tut1n-77d44ae802fd82ac9aca4202e1e36edb{\nbackground-color:#eaeaea;\nbackground-image:unset;\n}\n<\/style>\n<div id='av_section_1'  class='avia-section av-1tut1n-77d44ae802fd82ac9aca4202e1e36edb main_color avia-section-default avia-no-border-styling  avia-builder-el-5  el_after_av_one_half  el_before_av_section  avia-bg-style-scroll container_wrap sidebar_right'  ><div class='container av-section-cont-open' ><div class='template-page content  av-content-small alpha units'><div class='post-entry post-entry-type-page post-entry-2364'><div class='entry-content-wrapper clearfix'>\n\n<style type=\"text\/css\" data-created_by=\"avia_inline_auto\" id=\"style-css-av-6h0okb-7731fe7813a051991334c52001db7621\">\n.flex_column.av-6h0okb-7731fe7813a051991334c52001db7621{\nborder-radius:0px 0px 0px 0px;\npadding:0px 0px 0px 0px;\n}\n<\/style>\n<div  class='flex_column av-6h0okb-7731fe7813a051991334c52001db7621 av_one_half  avia-builder-el-6  el_before_av_one_half  avia-builder-el-first  first flex_column_div av-zero-column-padding  '     ><style type=\"text\/css\" data-created_by=\"avia_inline_auto\" id=\"style-css-av-eg8t62-13-e9c7a0ee55e9396f1286f95112aca688\">\n.avia-image-container.av-eg8t62-13-e9c7a0ee55e9396f1286f95112aca688 img.avia_image{\nbox-shadow:none;\n}\n.avia-image-container.av-eg8t62-13-e9c7a0ee55e9396f1286f95112aca688 .av-image-caption-overlay-center{\ncolor:#ffffff;\n}\n<\/style>\n<div  class='avia-image-container av-eg8t62-13-e9c7a0ee55e9396f1286f95112aca688 av-styling- avia-align-center  avia-builder-el-7  avia-builder-el-no-sibling '   itemprop=\"image\" itemscope=\"itemscope\" itemtype=\"https:\/\/schema.org\/ImageObject\" ><div class=\"avia-image-container-inner\"><div class=\"avia-image-overlay-wrap\"><img decoding=\"async\" fetchpriority=\"high\" class='wp-image-2371 avia-img-lazy-loading-not-2371 avia_image ' src=\"https:\/\/www.svetruck.se\/wp-content\/uploads\/2019\/03\/Svetruck_environment_1000.jpg\" alt='' title='Svetruck_environment_1000'  height=\"644\" width=\"1024\"  itemprop=\"thumbnailUrl\" srcset=\"https:\/\/www.svetruck.se\/wp-content\/uploads\/2019\/03\/Svetruck_environment_1000.jpg 1024w, https:\/\/www.svetruck.se\/wp-content\/uploads\/2019\/03\/Svetruck_environment_1000-300x189.jpg 300w, https:\/\/www.svetruck.se\/wp-content\/uploads\/2019\/03\/Svetruck_environment_1000-768x483.jpg 768w, https:\/\/www.svetruck.se\/wp-content\/uploads\/2019\/03\/Svetruck_environment_1000-705x443.jpg 705w, https:\/\/www.svetruck.se\/wp-content\/uploads\/2019\/03\/Svetruck_environment_1000-450x283.jpg 450w\" sizes=\"(max-width: 1024px) 100vw, 1024px\" \/><\/div><\/div><\/div><\/div>\n<style type=\"text\/css\" data-created_by=\"avia_inline_auto\" id=\"style-css-av-3i8di3-fb2cf611484ecfee3e9423c6ecea2a95\">\n.flex_column.av-3i8di3-fb2cf611484ecfee3e9423c6ecea2a95{\nborder-radius:0px 0px 0px 0px;\npadding:0px 0px 0px 0px;\n}\n<\/style>\n<div  class='flex_column av-3i8di3-fb2cf611484ecfee3e9423c6ecea2a95 av_one_half  avia-builder-el-8  el_after_av_one_half  avia-builder-el-last  flex_column_div av-zero-column-padding  '     ><section  class='av_textblock_section av-7wdxve-14-d8db315425795a3bf63c8402ce961125 '   itemscope=\"itemscope\" itemtype=\"https:\/\/schema.org\/CreativeWork\" ><div class='avia_textblock'  itemprop=\"text\" ><h2>Umwelt<\/h2>\n<p>Unsere Richtlinie umfasst wichtige Verpflichtungen zum Schutz der nat\u00fcrlichen Ressourcen, um so die langfristige wirtschaftliche Nachhaltigkeit unseres Unternehmens zu sichern.<\/p>\n<p>Wir bem\u00fchen uns, Prozesse und Produktionsmethoden unter gr\u00f6\u00dftm\u00f6glicher R\u00fccksichtnahme auf die Umwelt zu entwickeln und zu verbessern, um Emissionen von Schadstoffen in Wasser und Luft zu begrenzen.<\/p>\n<ul>\n<li>Wir werden sparsam mit Chemikalien umgehen und Verschwendung vermeiden.<\/li>\n<li>Wir werden unseren Verbrauch an Rohstoffen, Energie und Wasser minimieren.<\/li>\n<li>Wir wollen die gesetzlichen Anforderungen erf\u00fcllen und nach M\u00f6glichkeit \u00fcbertreffen.<\/li>\n<li>Wir beziehen alle Mitarbeiter in unsere Umweltarbeit ein und schulen sie kontinuierlich.<\/li>\n<\/ul>\n<\/div><\/section><\/div>\n\n<\/div><\/div><\/div><!-- close content main div --><\/div><\/div>\n<style type=\"text\/css\" data-created_by=\"avia_inline_auto\" id=\"style-css-av-1tut1n-12-4ab15c2a626561720cb8a57b6cb6aba5\">\n.avia-section.av-1tut1n-12-4ab15c2a626561720cb8a57b6cb6aba5{\nbackground-color:#ffffff;\nbackground-image:unset;\n}\n<\/style>\n<div id='av_section_2'  class='avia-section av-1tut1n-12-4ab15c2a626561720cb8a57b6cb6aba5 main_color avia-section-default avia-no-border-styling  avia-builder-el-10  el_after_av_section  el_before_av_section  avia-bg-style-scroll container_wrap sidebar_right'  ><div class='container av-section-cont-open' ><div class='template-page content  av-content-small alpha units'><div class='post-entry post-entry-type-page post-entry-2364'><div class='entry-content-wrapper clearfix'>\n\n<style type=\"text\/css\" data-created_by=\"avia_inline_auto\" id=\"style-css-av-6h0okb-11-722c96b306a765866322e058aecb2635\">\n.flex_column.av-6h0okb-11-722c96b306a765866322e058aecb2635{\nborder-radius:0px 0px 0px 0px;\npadding:0px 0px 0px 0px;\n}\n<\/style>\n<div  class='flex_column av-6h0okb-11-722c96b306a765866322e058aecb2635 av_one_half  avia-builder-el-11  el_before_av_one_half  avia-builder-el-first  first flex_column_div av-zero-column-padding  '     ><section  class='av_textblock_section av-7wdxve-8-ebaba0328ce3cca0e096f9e794da2577 '   itemscope=\"itemscope\" itemtype=\"https:\/\/schema.org\/CreativeWork\" ><div class='avia_textblock'  itemprop=\"text\" ><h2>Personal<\/h2>\n<p>Svetruck AB bietet viele interessante und anspruchsvolle T\u00e4tigkeiten in verschiedenen Berufsfeldern und besch\u00e4ftigt etwa 200 Mitarbeiter in Schweden.<\/p>\n<p>Svetruck hat eine flache Organisationsstruktur mit kurzen Entscheidungswegen, die den Mitarbeitern gro\u00dfe Mitbestimmungsm\u00f6glichkeiten hinsichtlich ihrer Arbeitssituation und Entwicklung bieten. Am wichtigsten sind f\u00fcr uns die Motivation und das Interesse unserer Mitarbeiter. Wir sind ein starkes Unternehmen mit soliden Werten und legen Wert auf langfristiges Wachstum und Qualit\u00e4t.<\/p>\n<p>Unsere Mitarbeiter sind Svetrucks wertvollstes Kapital. Unser Fokus liegt darauf, engagierte Mitarbeiter zu haben, die sich an ihrem Arbeitsplatz wohlf\u00fchlen und sich weiterentwickeln. Svetruck ist ein verantwortungsvoller Arbeitgeber.<\/p>\n<\/div><\/section><\/div>\n<style type=\"text\/css\" data-created_by=\"avia_inline_auto\" id=\"style-css-av-3i8di3-9-ca8ada397714230155c3d0d687b8b356\">\n.flex_column.av-3i8di3-9-ca8ada397714230155c3d0d687b8b356{\nborder-radius:0px 0px 0px 0px;\npadding:0px 0px 0px 0px;\n}\n<\/style>\n<div  class='flex_column av-3i8di3-9-ca8ada397714230155c3d0d687b8b356 av_one_half  avia-builder-el-13  el_after_av_one_half  avia-builder-el-last  flex_column_div av-zero-column-padding  '     ><style type=\"text\/css\" data-created_by=\"avia_inline_auto\" id=\"style-css-av-eg8t62-10-32b207a8dbb6a9faf7468a64589a8dd6\">\n.avia-image-container.av-eg8t62-10-32b207a8dbb6a9faf7468a64589a8dd6 img.avia_image{\nbox-shadow:none;\n}\n.avia-image-container.av-eg8t62-10-32b207a8dbb6a9faf7468a64589a8dd6 .av-image-caption-overlay-center{\ncolor:#ffffff;\n}\n<\/style>\n<div  class='avia-image-container av-eg8t62-10-32b207a8dbb6a9faf7468a64589a8dd6 av-styling- avia-align-center  avia-builder-el-14  avia-builder-el-no-sibling '   itemprop=\"image\" itemscope=\"itemscope\" itemtype=\"https:\/\/schema.org\/ImageObject\" ><div class=\"avia-image-container-inner\"><div class=\"avia-image-overlay-wrap\"><img decoding=\"async\" fetchpriority=\"high\" class='wp-image-2316 avia-img-lazy-loading-not-2316 avia_image ' src=\"https:\/\/www.svetruck.se\/wp-content\/uploads\/2017\/08\/Svetruck_800_medarbetare-1030x415.jpg\" alt='' title='Svetruck_800_medarbetare'  height=\"415\" width=\"1030\"  itemprop=\"thumbnailUrl\" srcset=\"https:\/\/www.svetruck.se\/wp-content\/uploads\/2017\/08\/Svetruck_800_medarbetare-1030x415.jpg 1030w, https:\/\/www.svetruck.se\/wp-content\/uploads\/2017\/08\/Svetruck_800_medarbetare-300x121.jpg 300w, https:\/\/www.svetruck.se\/wp-content\/uploads\/2017\/08\/Svetruck_800_medarbetare-768x310.jpg 768w, https:\/\/www.svetruck.se\/wp-content\/uploads\/2017\/08\/Svetruck_800_medarbetare-1500x605.jpg 1500w, https:\/\/www.svetruck.se\/wp-content\/uploads\/2017\/08\/Svetruck_800_medarbetare-705x284.jpg 705w, https:\/\/www.svetruck.se\/wp-content\/uploads\/2017\/08\/Svetruck_800_medarbetare-450x181.jpg 450w, https:\/\/www.svetruck.se\/wp-content\/uploads\/2017\/08\/Svetruck_800_medarbetare.jpg 1984w\" sizes=\"(max-width: 1030px) 100vw, 1030px\" \/><\/div><\/div><\/div><\/div>\n\n<\/div><\/div><\/div><!-- close content main div --><\/div><\/div>\n<style type=\"text\/css\" data-created_by=\"avia_inline_auto\" id=\"style-css-av-1tut1n-7-c90dd827956bac17ca7189710c056f58\">\n.avia-section.av-1tut1n-7-c90dd827956bac17ca7189710c056f58{\nbackground-color:#eaeaea;\nbackground-image:unset;\n}\n<\/style>\n<div id='av_section_3'  class='avia-section av-1tut1n-7-c90dd827956bac17ca7189710c056f58 main_color avia-section-default avia-no-border-styling  avia-builder-el-15  el_after_av_section  el_before_av_hr  avia-bg-style-scroll container_wrap sidebar_right'  ><div class='container av-section-cont-open' ><div class='template-page content  av-content-small alpha units'><div class='post-entry post-entry-type-page post-entry-2364'><div class='entry-content-wrapper clearfix'>\n\n<style type=\"text\/css\" data-created_by=\"avia_inline_auto\" id=\"style-css-av-6h0okb-6-4e761653214146acd6d0b30bddfc6042\">\n.flex_column.av-6h0okb-6-4e761653214146acd6d0b30bddfc6042{\nborder-radius:0px 0px 0px 0px;\npadding:0px 0px 0px 0px;\n}\n<\/style>\n<div  class='flex_column av-6h0okb-6-4e761653214146acd6d0b30bddfc6042 av_one_half  avia-builder-el-16  el_before_av_one_half  avia-builder-el-first  first flex_column_div av-zero-column-padding  '     ><section  class='av_textblock_section av-7wdxve-5-07f496a8f929e9994c194488169fc672 '   itemscope=\"itemscope\" itemtype=\"https:\/\/schema.org\/CreativeWork\" ><div class='avia_textblock'  itemprop=\"text\" ><h2>Soziale Bedingungen und Menschenrechte<\/h2>\n<p>Svetruck respektiert die Menschenrechte und internationale Arbeitsstandards, wie sie in der Erkl\u00e4rung der Vereinten Nationen \u00fcber Menschenrechte und den Kern\u00fcbereinkommen der Internationalen Arbeitsorganisation (ILO) festgelegt sind.<\/p>\n<p>Wir tolerieren keine Kinderarbeit in irgendeiner Form, ebenso wenig Zwangsarbeit oder andere unfreiwillige Arbeit. Diskriminierung aufgrund von Rasse, Religion, politischer \u00dcberzeugung, Geschlecht, Alter, Nationalit\u00e4t, sexueller Orientierung oder Behinderung ist nicht gestattet.<\/p>\n<p>Unsere Mitarbeiter haben das volle Recht, ihre gesetzlichen Rechte zur Bildung, zum Beitritt oder zum Verzicht auf Beitritt zu Gewerkschaften auszu\u00fcben.<\/p>\n<p>Svetruck setzt sich kontinuierlich f\u00fcr die Verbesserung der sozialen Bedingungen und Menschenrechte in den Bereichen, in denen wir t\u00e4tig sind, ein, durch laufende Wertschulungen und Initiativen f\u00fcr unsere Mitarbeiter. Ein sicherer und gesunder Arbeitsplatz, Entwicklungsm\u00f6glichkeiten f\u00fcr Mitarbeiter und ein gemeinsames Wertesystem sind dabei von zentraler Bedeutung..<\/p>\n<\/div><\/section><\/div>\n<style type=\"text\/css\" data-created_by=\"avia_inline_auto\" id=\"style-css-av-3i8di3-4-f788f5fd9c5080fc41122d1c0fa6ea85\">\n.flex_column.av-3i8di3-4-f788f5fd9c5080fc41122d1c0fa6ea85{\nborder-radius:0px 0px 0px 0px;\npadding:0px 0px 0px 0px;\n}\n<\/style>\n<div  class='flex_column av-3i8di3-4-f788f5fd9c5080fc41122d1c0fa6ea85 av_one_half  avia-builder-el-18  el_after_av_one_half  avia-builder-el-last  flex_column_div av-zero-column-padding  '     ><section  class='av_textblock_section av-7wdxve-3-4b6724eb2a858d1a8cafb99763460f06 '   itemscope=\"itemscope\" itemtype=\"https:\/\/schema.org\/CreativeWork\" ><div class='avia_textblock'  itemprop=\"text\" ><h2>Korruptionsbek\u00e4mpfung<\/h2>\n<p>Mitarbeiter von Svetruck d\u00fcrfen keine pers\u00f6nlichen Geschenke oder andere Verg\u00fctungen von oder an externe Gesch\u00e4ftspartner annehmen oder geben. Sie d\u00fcrfen auch nicht an Repr\u00e4sentationsveranstaltungen teilnehmen, die \u00fcber das normale Gesch\u00e4ftsma\u00df hinausgehen.<\/p>\n<p>Wir sch\u00e4tzen das Risiko, dass unsere Mitarbeiter Korruption oder \u00e4hnlichen Situationen ausgesetzt werden, als gering ein.<\/p>\n<\/div><\/section><br \/>\n\n<style type=\"text\/css\" data-created_by=\"avia_inline_auto\" id=\"style-css-av-2x4ce3-ab80f59566286b3180b4b254a19bea56\">\n#top .hr.hr-invisible.av-2x4ce3-ab80f59566286b3180b4b254a19bea56{\nheight:10px;\n}\n<\/style>\n<div  class='hr av-2x4ce3-ab80f59566286b3180b4b254a19bea56 hr-invisible  avia-builder-el-20  el_after_av_textblock  el_before_av_textblock '><span class='hr-inner '><span class=\"hr-inner-style\"><\/span><\/span><\/div><br \/>\n<section  class='av_textblock_section av-m2vljy94-e35826b15ccc637d1193526a1d67a133 '   itemscope=\"itemscope\" itemtype=\"https:\/\/schema.org\/CreativeWork\" ><div class='avia_textblock'  itemprop=\"text\" ><h2>Hinweisgebersystem<\/h2>\n<p><a href=\"https:\/\/whistle.qnister.com\/svetruck\" target=\"_blank\" rel=\"noopener\">Link zum Hinweisgebersystem<\/a><\/p>\n<\/div><\/section><br \/>\n\n<style type=\"text\/css\" data-created_by=\"avia_inline_auto\" id=\"style-css-av-37j7rf-3db33d24065e9cfb81fe95964efee4b7\">\n#top .hr.hr-invisible.av-37j7rf-3db33d24065e9cfb81fe95964efee4b7{\nheight:50px;\n}\n<\/style>\n<div  class='hr av-37j7rf-3db33d24065e9cfb81fe95964efee4b7 hr-invisible  avia-builder-el-22  el_after_av_textblock  el_before_av_textblock '><span class='hr-inner '><span class=\"hr-inner-style\"><\/span><\/span><\/div><br \/>\n<section  class='av_textblock_section av-7wdxve-2-aa9553a3df0231dc17fa74dc10885fc5 '   itemscope=\"itemscope\" itemtype=\"https:\/\/schema.org\/CreativeWork\" ><div class='avia_textblock'  itemprop=\"text\" ><p><em>Ljungby, den 31. August 2023<\/em><\/p>\n<\/div><\/section><br \/>\n<section  class='av_textblock_section av-7wdxve-1-cc1a36a6f65b2d54a7dc82de4eeefc72 '   itemscope=\"itemscope\" itemtype=\"https:\/\/schema.org\/CreativeWork\" ><div class='avia_textblock'  itemprop=\"text\" ><p><a href=\"https:\/\/www.svetruck.se\/wp-content\/uploads\/2024\/10\/Revisorns_yttrande_hallbarhetsrapport_230831.pdf\" target=\"_blank\" rel=\"noopener\"><em>&gt;&gt; Nachhaltigkeitsbericht-Zertifikat (Auf Schwedisch)<\/em><\/a><\/p>\n<\/div><\/section><\/p><\/div><\/div><\/div><\/div><!-- close content main div --><\/div><\/div><div id='after_section_3'  class='main_color av_default_container_wrap container_wrap sidebar_right'  ><div class='container av-section-cont-open' ><div class='template-page content  av-content-small alpha units'><div class='post-entry post-entry-type-page post-entry-2364'><div class='entry-content-wrapper clearfix'><div  class='hr av-a4mtn-6b34488e3cf82c60e4ffb908883ecf18 hr-default  avia-builder-el-25  el_after_av_section  avia-builder-el-no-sibling '><span class='hr-inner '><span class=\"hr-inner-style\"><\/span><\/span><\/div><\/p>\n","protected":false},"excerpt":{"rendered":"","protected":false},"author":2,"featured_media":0,"parent":1625,"menu_order":0,"comment_status":"closed","ping_status":"closed","template":"","meta":{"_monsterinsights_skip_tracking":false,"_monsterinsights_sitenote_active":false,"_monsterinsights_sitenote_note":"","_monsterinsights_sitenote_category":0,"footnotes":""},"class_list":["post-2364","page","type-page","status-publish","hentry"],"aioseo_notices":[],"_links":{"self":[{"href":"https:\/\/www.svetruck.se\/de\/wp-json\/wp\/v2\/pages\/2364","targetHints":{"allow":["GET"]}}],"collection":[{"href":"https:\/\/www.svetruck.se\/de\/wp-json\/wp\/v2\/pages"}],"about":[{"href":"https:\/\/www.svetruck.se\/de\/wp-json\/wp\/v2\/types\/page"}],"author":[{"embeddable":true,"href":"https:\/\/www.svetruck.se\/de\/wp-json\/wp\/v2\/users\/2"}],"replies":[{"embeddable":true,"href":"https:\/\/www.svetruck.se\/de\/wp-json\/wp\/v2\/comments?post=2364"}],"version-history":[{"count":4,"href":"https:\/\/www.svetruck.se\/de\/wp-json\/wp\/v2\/pages\/2364\/revisions"}],"predecessor-version":[{"id":2822,"href":"https:\/\/www.svetruck.se\/de\/wp-json\/wp\/v2\/pages\/2364\/revisions\/2822"}],"up":[{"embeddable":true,"href":"https:\/\/www.svetruck.se\/de\/wp-json\/wp\/v2\/pages\/1625"}],"wp:attachment":[{"href":"https:\/\/www.svetruck.se\/de\/wp-json\/wp\/v2\/media?parent=2364"}],"curies":[{"name":"wp","href":"https:\/\/api.w.org\/{rel}","templated":true}]}}