{"id":1628,"date":"2018-06-12T14:57:42","date_gmt":"2018-06-12T13:57:42","guid":{"rendered":"https:\/\/www.svetruck.se\/?page_id=1628"},"modified":"2025-05-20T12:34:48","modified_gmt":"2025-05-20T11:34:48","slug":"svecare","status":"publish","type":"page","link":"https:\/\/www.svetruck.se\/de\/svecare\/","title":{"rendered":"SveCare"},"content":{"rendered":"\n<style type=\"text\/css\" data-created_by=\"avia_inline_auto\" id=\"style-css-av-10rruto-1f6abf7f92bbb6c9c1f1ee4a65949557\">\n.flex_column.av-10rruto-1f6abf7f92bbb6c9c1f1ee4a65949557{\nborder-radius:0px 0px 0px 0px;\npadding:0px 0px 0px 0px;\n}\n<\/style>\n<div  class='flex_column av-10rruto-1f6abf7f92bbb6c9c1f1ee4a65949557 av_one_half  avia-builder-el-0  el_before_av_one_half  avia-builder-el-first  first flex_column_div  '     ><p>\n<style type=\"text\/css\" data-created_by=\"avia_inline_auto\" id=\"style-css-av-22gpvw-71f366c9491c96651c69595f9d452523\">\n#top .av-special-heading.av-22gpvw-71f366c9491c96651c69595f9d452523{\npadding-bottom:100px;\n}\nbody .av-special-heading.av-22gpvw-71f366c9491c96651c69595f9d452523 .av-special-heading-tag .heading-char{\nfont-size:25px;\n}\n.av-special-heading.av-22gpvw-71f366c9491c96651c69595f9d452523 .av-subheading{\nfont-size:15px;\n}\n<\/style>\n<div  class='av-special-heading av-22gpvw-71f366c9491c96651c69595f9d452523 av-special-heading-h1  avia-builder-el-1  el_before_av_button  avia-builder-el-first '><h1 class='av-special-heading-tag '  itemprop=\"headline\"  >Telematiksystem SveCare 3.0<\/h1><div class=\"special-heading-border\"><div class=\"special-heading-inner-border\"><\/div><\/div><\/div><br \/>\n<div  class='avia-button-wrap av-xxzl8s-fe9eb99973bd35e8b1f7e533d4619f77-wrap avia-button-left  avia-builder-el-2  el_after_av_heading  el_before_av_button '>\n<style type=\"text\/css\" data-created_by=\"avia_inline_auto\" id=\"style-css-av-xxzl8s-fe9eb99973bd35e8b1f7e533d4619f77\">\n#top #wrap_all .avia-button.av-xxzl8s-fe9eb99973bd35e8b1f7e533d4619f77{\nbackground-color:#e01b2f;\nborder-color:#e01b2f;\ncolor:#ffffff;\nborder-style:solid;\nborder-radius:15px 15px 15px 15px;\ntransition:all 0.4s ease-in-out;\n}\n#top #wrap_all .avia-button.av-xxzl8s-fe9eb99973bd35e8b1f7e533d4619f77:hover{\nopacity:0.7;\ntransition:all 0.4s ease-in-out;\n}\n#top #wrap_all.avia-button.av-xxzl8s-fe9eb99973bd35e8b1f7e533d4619f77:hover .avia_button_background{\nborder-radius:15px 15px 15px 15px;\n}\n#top #wrap_all .avia-button.av-xxzl8s-fe9eb99973bd35e8b1f7e533d4619f77 .avia-svg-icon svg:first-child{\nfill:#ffffff;\nstroke:#ffffff;\n}\n<\/style>\n<a href='https:\/\/svetruck.dasafleet.com'  class='avia-button av-xxzl8s-fe9eb99973bd35e8b1f7e533d4619f77 av-link-btn avia-icon_select-yes-left-icon avia-size-large avia-position-left'  target=\"_blank\"  rel=\"noopener noreferrer\"  aria-label=\"SveCare Fleet-Anmeldung\"><span class='avia_button_icon avia_button_icon_left avia-svg-icon avia-font-svg_entypo-fontello' data-av_svg_icon='right-open-big' data-av_iconset='svg_entypo-fontello'><svg version=\"1.1\" xmlns=\"http:\/\/www.w3.org\/2000\/svg\" width=\"15\" height=\"32\" viewBox=\"0 0 15 32\" preserveAspectRatio=\"xMidYMid meet\" aria-labelledby='av-svg-title-1' aria-describedby='av-svg-desc-1' role=\"graphics-symbol\">\n<title id='av-svg-title-1'>Right-open-big<\/title>\n<desc id='av-svg-desc-1'>Right-open-big<\/desc>\n<path d=\"M0.416 27.84l11.456-11.84-11.456-11.904q-0.832-0.832 0-1.536 0.832-0.832 1.536 0l12.544 12.608q0.768 0.832 0 1.6l-12.544 12.608q-0.704 0.832-1.536 0-0.832-0.704 0-1.536z\"><\/path>\n<\/svg><\/span><span class='avia_iconbox_title' >SveCare Fleet-Anmeldung<\/span><\/a><\/div><br \/>\n<div  class='avia-button-wrap av-mawcu28j-3f42e52a7508166fb022214d6aeee754-wrap avia-button-left  avia-builder-el-3  el_after_av_button  el_before_av_textblock '>\n<style type=\"text\/css\" data-created_by=\"avia_inline_auto\" id=\"style-css-av-mawcu28j-3f42e52a7508166fb022214d6aeee754\">\n#top #wrap_all .avia-button.av-mawcu28j-3f42e52a7508166fb022214d6aeee754{\nbackground-color:#e01b2f;\nborder-color:#e01b2f;\ncolor:#ffffff;\nborder-style:solid;\nborder-radius:15px 15px 15px 15px;\ntransition:all 0.4s ease-in-out;\n}\n#top #wrap_all .avia-button.av-mawcu28j-3f42e52a7508166fb022214d6aeee754:hover{\nopacity:0.7;\ntransition:all 0.4s ease-in-out;\n}\n#top #wrap_all.avia-button.av-mawcu28j-3f42e52a7508166fb022214d6aeee754:hover .avia_button_background{\nborder-radius:15px 15px 15px 15px;\n}\n#top #wrap_all .avia-button.av-mawcu28j-3f42e52a7508166fb022214d6aeee754 .avia-svg-icon svg:first-child{\nfill:#ffffff;\nstroke:#ffffff;\n}\n<\/style>\n<a href='https:\/\/dasa.dasaadmin.com'  class='avia-button av-mawcu28j-3f42e52a7508166fb022214d6aeee754 av-link-btn avia-icon_select-yes-left-icon avia-size-large avia-position-left'  target=\"_blank\"  rel=\"noopener noreferrer\"  aria-label=\"SveCare Admin-Anmeldung\"><span class='avia_button_icon avia_button_icon_left avia-svg-icon avia-font-svg_entypo-fontello' data-av_svg_icon='right-open-big' data-av_iconset='svg_entypo-fontello'><svg version=\"1.1\" xmlns=\"http:\/\/www.w3.org\/2000\/svg\" width=\"15\" height=\"32\" viewBox=\"0 0 15 32\" preserveAspectRatio=\"xMidYMid meet\" aria-labelledby='av-svg-title-2' aria-describedby='av-svg-desc-2' role=\"graphics-symbol\">\n<title id='av-svg-title-2'>Right-open-big<\/title>\n<desc id='av-svg-desc-2'>Right-open-big<\/desc>\n<path d=\"M0.416 27.84l11.456-11.84-11.456-11.904q-0.832-0.832 0-1.536 0.832-0.832 1.536 0l12.544 12.608q0.768 0.832 0 1.6l-12.544 12.608q-0.704 0.832-1.536 0-0.832-0.704 0-1.536z\"><\/path>\n<\/svg><\/span><span class='avia_iconbox_title' >SveCare Admin-Anmeldung<\/span><\/a><\/div><br \/>\n<section  class='av_textblock_section av-35u44c-2b9dd3e140330a9a141f0a7e605b4f2f '   itemscope=\"itemscope\" itemtype=\"https:\/\/schema.org\/CreativeWork\" ><div class='avia_textblock'  itemprop=\"text\" ><p><strong>SveCare 3.0 -Messen, visualisieren und nachverfolgen!<\/strong><\/p>\n<p>Einfaches und effizientes Flottenmanagement f\u00fcr Fahrzeugwartung, Betriebskosten und wirtschaftliche Betriebsleistung. Alles bereitgestellt mit einer stabilen Cloud-Anwendung mit einfachem Zugang aus jedem Internetbrowser. Messen, visualisieren und nachverfolgen! Einfaches und effizientes Flottenmanagement f\u00fcr Fahrzeugwartung, Betriebskosten und wirtschaftliche Betriebsleistung. Alles bereitgestellt mit einer stabilen Cloud-Anwendung mit einfachem Zugang aus jedem Internetbrowser.<\/p>\n<p>SveCare 3.0 ist f\u00fcr die \u00dcberwachung und Nachverfolgung ausgelegt und gibt Informationen f\u00fcr maximale Betriebsbereitschaft und eine verbesserte Betriebsleistung. Eine gut durchdachte L\u00f6sung f\u00fcr den Fahrzeugeigent\u00fcmer den Fahrer und die Wartungsorganisation.<\/p>\n<ul>\n<li><strong>Fahrzeugauslastung und -analyse \u2013<\/strong> Entscheidungsunterst\u00fctzung f\u00fcr vorbeugende Wartung w\u00e4hrend der Lebensdauer des Fahrzeugs<\/li>\n<li><strong>Unterst\u00fctzung und Ausbildung f\u00fcr den Fahrer \u2013 <\/strong>hilft und unterst\u00fctzt den Fahrer dabei, eine effizientere Betriebsleistung zu erreichen<\/li>\n<li><strong>Service und Wartung \u2013<\/strong> Nachverfolgung von St\u00f6rungscodes und Alarmen, Vorbereitung der richtigen Ma\u00dfnahmen<\/li>\n<\/ul>\n<div class=\"container\"><\/div>\n<\/div><\/section><\/p><\/div>\n<style type=\"text\/css\" data-created_by=\"avia_inline_auto\" id=\"style-css-av-ulm65o-e7dcecac1e752ee65a6159c475565b0d\">\n.flex_column.av-ulm65o-e7dcecac1e752ee65a6159c475565b0d{\nborder-radius:0px 0px 0px 0px;\npadding:0px 0px 0px 0px;\n}\n<\/style>\n<div  class='flex_column av-ulm65o-e7dcecac1e752ee65a6159c475565b0d av_one_half  avia-builder-el-5  el_after_av_one_half  el_before_av_section  avia-builder-el-last  flex_column_div av-zero-column-padding  '     ><style type=\"text\/css\" data-created_by=\"avia_inline_auto\" id=\"style-css-av-tncgks-cb0bab1d23e9b8efcdf6aa17cf7d3903\">\n.avia-image-container.av-tncgks-cb0bab1d23e9b8efcdf6aa17cf7d3903 img.avia_image{\nbox-shadow:none;\n}\n.avia-image-container.av-tncgks-cb0bab1d23e9b8efcdf6aa17cf7d3903 .av-image-caption-overlay-center{\ncolor:#ffffff;\n}\n<\/style>\n<div  class='avia-image-container av-tncgks-cb0bab1d23e9b8efcdf6aa17cf7d3903 av-styling- av-hover-grow avia-align-center  avia-builder-el-6  avia-builder-el-no-sibling '   itemprop=\"image\" itemscope=\"itemscope\" itemtype=\"https:\/\/schema.org\/ImageObject\" ><div class=\"avia-image-container-inner\"><div class=\"avia-image-overlay-wrap\"><img decoding=\"async\" fetchpriority=\"high\" class='wp-image-2298 avia-img-lazy-loading-not-2298 avia_image ' src=\"https:\/\/www.svetruck.se\/wp-content\/uploads\/2016\/12\/Svetruck_SveCare_New_web-1030x984.jpg\" alt='' title='Svetruck_SveCare_New_web'  height=\"984\" width=\"1030\"  itemprop=\"thumbnailUrl\" srcset=\"https:\/\/www.svetruck.se\/wp-content\/uploads\/2016\/12\/Svetruck_SveCare_New_web-1030x984.jpg 1030w, https:\/\/www.svetruck.se\/wp-content\/uploads\/2016\/12\/Svetruck_SveCare_New_web-300x287.jpg 300w, https:\/\/www.svetruck.se\/wp-content\/uploads\/2016\/12\/Svetruck_SveCare_New_web-768x733.jpg 768w, https:\/\/www.svetruck.se\/wp-content\/uploads\/2016\/12\/Svetruck_SveCare_New_web-1500x1433.jpg 1500w, https:\/\/www.svetruck.se\/wp-content\/uploads\/2016\/12\/Svetruck_SveCare_New_web-705x673.jpg 705w, https:\/\/www.svetruck.se\/wp-content\/uploads\/2016\/12\/Svetruck_SveCare_New_web-450x430.jpg 450w, https:\/\/www.svetruck.se\/wp-content\/uploads\/2016\/12\/Svetruck_SveCare_New_web.jpg 1800w\" sizes=\"(max-width: 1030px) 100vw, 1030px\" \/><\/div><\/div><\/div><\/div><\/p>\n<\/div><\/div><\/div><!-- close content main div --><\/div><\/div>\n<style type=\"text\/css\" data-created_by=\"avia_inline_auto\" id=\"style-css-av-rj8mbg-2a48218801a413be3290ea2b28dbfed1\">\n.avia-section.av-rj8mbg-2a48218801a413be3290ea2b28dbfed1{\nbackground-color:#f9f9f9;\nbackground-image:unset;\n}\n<\/style>\n<div id='av_section_1'  class='avia-section av-rj8mbg-2a48218801a413be3290ea2b28dbfed1 main_color avia-section-small avia-no-shadow  avia-builder-el-7  el_after_av_one_half  el_before_av_one_full  avia-bg-style-scroll container_wrap sidebar_right'  ><div class='container av-section-cont-open' ><div class='template-page content  av-content-small alpha units'><div class='post-entry post-entry-type-page post-entry-1628'><div class='entry-content-wrapper clearfix'>\n\n<style type=\"text\/css\" data-created_by=\"avia_inline_auto\" id=\"style-css-av-2iba0c-92d961a7df67710142c485ef13aef139\">\n.flex_column.av-2iba0c-92d961a7df67710142c485ef13aef139{\nborder-radius:0px 0px 0px 0px;\npadding:25px 25px 0px 25px;\nbackground-color:#ffffff;\n}\n<\/style>\n<div  class='flex_column av-2iba0c-92d961a7df67710142c485ef13aef139 av_one_half  avia-builder-el-8  el_before_av_one_half  avia-builder-el-first  first flex_column_div  '     ><p>\n<style type=\"text\/css\" data-created_by=\"avia_inline_auto\" id=\"style-css-av-253gdo-b06ea82e2034d15d3c2033c8f0e83817\">\n#top .av-special-heading.av-253gdo-b06ea82e2034d15d3c2033c8f0e83817{\npadding-bottom:15px;\n}\nbody .av-special-heading.av-253gdo-b06ea82e2034d15d3c2033c8f0e83817 .av-special-heading-tag .heading-char{\nfont-size:25px;\n}\n.av-special-heading.av-253gdo-b06ea82e2034d15d3c2033c8f0e83817 .av-subheading{\nfont-size:15px;\n}\n<\/style>\n<div  class='av-special-heading av-253gdo-b06ea82e2034d15d3c2033c8f0e83817 av-special-heading-h3  avia-builder-el-9  el_before_av_codeblock  avia-builder-el-first '><h3 class='av-special-heading-tag '  itemprop=\"headline\"  >M\u00f6chten Sie sich mit SveCare 3.0 verbinden?<\/h3><div class=\"special-heading-border\"><div class=\"special-heading-inner-border\"><\/div><\/div><\/div><br \/>\n<\/p><\/div>\n<style type=\"text\/css\" data-created_by=\"avia_inline_auto\" id=\"style-css-av-l2rpgc-ea1842449cbfb08438a9eaad7a89be59\">\n.flex_column.av-l2rpgc-ea1842449cbfb08438a9eaad7a89be59{\nborder-radius:0px 0px 0px 0px;\npadding:0px 0px 0px 0px;\n}\n<\/style>\n<div  class='flex_column av-l2rpgc-ea1842449cbfb08438a9eaad7a89be59 av_one_half  avia-builder-el-11  el_after_av_one_half  avia-builder-el-last  flex_column_div av-zero-column-padding  '     ><style type=\"text\/css\" data-created_by=\"avia_inline_auto\" id=\"style-css-av-iljwgc-0089c5eea1a00cf8894b2c12a5cedcb5\">\n#top .avia-gallery.av-iljwgc-0089c5eea1a00cf8894b2c12a5cedcb5 .avia-gallery-thumb a{\nwidth:50%;\n}\n<\/style>\n<div  class='avia-gallery av-iljwgc-0089c5eea1a00cf8894b2c12a5cedcb5 avia_animate_when_visible  avia-builder-el-12  avia-builder-el-no-sibling  deactivate_avia_lazyload avia-gallery-animate avia-gallery-1'  itemprop=\"image\" itemscope=\"itemscope\" itemtype=\"https:\/\/schema.org\/ImageObject\" ><meta itemprop=\"contentURL\" content=\"https:\/\/www.svetruck.se\/de\/svecare\/\"><div class='avia-gallery-thumb'><a href=\"https:\/\/www.svetruck.se\/wp-content\/uploads\/2016\/12\/Klar_Overview_SE-724x1030.jpg\" data-srcset=\"https:\/\/www.svetruck.se\/wp-content\/uploads\/2016\/12\/Klar_Overview_SE-724x1030.jpg 724w, https:\/\/www.svetruck.se\/wp-content\/uploads\/2016\/12\/Klar_Overview_SE-211x300.jpg 211w, https:\/\/www.svetruck.se\/wp-content\/uploads\/2016\/12\/Klar_Overview_SE-768x1092.jpg 768w, https:\/\/www.svetruck.se\/wp-content\/uploads\/2016\/12\/Klar_Overview_SE-1055x1500.jpg 1055w, https:\/\/www.svetruck.se\/wp-content\/uploads\/2016\/12\/Klar_Overview_SE-496x705.jpg 496w, https:\/\/www.svetruck.se\/wp-content\/uploads\/2016\/12\/Klar_Overview_SE-450x640.jpg 450w, https:\/\/www.svetruck.se\/wp-content\/uploads\/2016\/12\/Klar_Overview_SE.jpg 1507w\" data-sizes=\"(max-width: 724px) 100vw, 724px\" data-rel='gallery-1' data-prev-img='https:\/\/www.svetruck.se\/wp-content\/uploads\/2016\/12\/Klar_Overview_SE-495x400.jpg' class='first_thumb lightbox ' data-onclick='1' title='\u00dcberblick \u2013 Darstellung wichtiger Kennzahlen, wie Betriebsleistung, Kraftstoffverbrauch, Auslastungsgrad des Fahrzeugs und Hubkapazit\u00e4t.'  itemprop=\"thumbnailUrl\"  ><img decoding=\"async\" fetchpriority=\"high\" class=\"wp-image-2312 avia-img-lazy-loading-not-2312\"  data-avia-tooltip='\u00dcberblick \u2013 Darstellung wichtiger Kennzahlen, wie Betriebsleistung, Kraftstoffverbrauch, Auslastungsgrad des Fahrzeugs und Hubkapazit\u00e4t.' src=\"https:\/\/www.svetruck.se\/wp-content\/uploads\/2016\/12\/Klar_Overview_SE-495x400.jpg\" width=\"495\" height=\"400\"  title='Klar_Overview_SE' alt='' srcset=\"https:\/\/www.svetruck.se\/wp-content\/uploads\/2016\/12\/Klar_Overview_SE-495x400.jpg 495w, https:\/\/www.svetruck.se\/wp-content\/uploads\/2016\/12\/Klar_Overview_SE-845x684.jpg 845w\" sizes=\"(max-width: 495px) 100vw, 495px\" \/><div class='big-prev-fake'><img decoding=\"async\" loading=\"lazy\" class=\"wp-image-2312 avia-img-lazy-loading-2312\"  width=\"495\" height=\"400\" src=\"https:\/\/www.svetruck.se\/wp-content\/uploads\/2016\/12\/Klar_Overview_SE-495x400.jpg\" title='Klar_Overview_SE' alt='' srcset=\"https:\/\/www.svetruck.se\/wp-content\/uploads\/2016\/12\/Klar_Overview_SE-495x400.jpg 495w, https:\/\/www.svetruck.se\/wp-content\/uploads\/2016\/12\/Klar_Overview_SE-845x684.jpg 845w\" sizes=\"auto, (max-width: 495px) 100vw, 495px\" \/><\/div><\/a><a href=\"https:\/\/www.svetruck.se\/wp-content\/uploads\/2016\/12\/Klar_Machine_SE-919x1030.jpg\" data-srcset=\"https:\/\/www.svetruck.se\/wp-content\/uploads\/2016\/12\/Klar_Machine_SE-919x1030.jpg 919w, https:\/\/www.svetruck.se\/wp-content\/uploads\/2016\/12\/Klar_Machine_SE-268x300.jpg 268w, https:\/\/www.svetruck.se\/wp-content\/uploads\/2016\/12\/Klar_Machine_SE-768x861.jpg 768w, https:\/\/www.svetruck.se\/wp-content\/uploads\/2016\/12\/Klar_Machine_SE-1338x1500.jpg 1338w, https:\/\/www.svetruck.se\/wp-content\/uploads\/2016\/12\/Klar_Machine_SE-629x705.jpg 629w, https:\/\/www.svetruck.se\/wp-content\/uploads\/2016\/12\/Klar_Machine_SE-450x505.jpg 450w, https:\/\/www.svetruck.se\/wp-content\/uploads\/2016\/12\/Klar_Machine_SE.jpg 1542w\" data-sizes=\"(max-width: 919px) 100vw, 919px\" data-rel='gallery-1' data-prev-img='https:\/\/www.svetruck.se\/wp-content\/uploads\/2016\/12\/Klar_Machine_SE-495x400.jpg' class='lightbox ' data-onclick='2' title='Fahrzeug \u2013 \u00fcbersichtliche Darstellung der geographischen Standorte aller Fahrzeuge sowie Status, Name und Seriennummer, Alarmstatus usw. des jeweiligen Fahrzeugs.'  itemprop=\"thumbnailUrl\"  ><img decoding=\"async\" fetchpriority=\"high\" class=\"wp-image-2308 avia-img-lazy-loading-not-2308\"  data-avia-tooltip='Fahrzeug \u2013 \u00fcbersichtliche Darstellung der geographischen Standorte aller Fahrzeuge sowie Status, Name und Seriennummer, Alarmstatus usw. des jeweiligen Fahrzeugs.' src=\"https:\/\/www.svetruck.se\/wp-content\/uploads\/2016\/12\/Klar_Machine_SE-495x400.jpg\" width=\"495\" height=\"400\"  title='Klar_Machine_SE' alt='' srcset=\"https:\/\/www.svetruck.se\/wp-content\/uploads\/2016\/12\/Klar_Machine_SE-495x400.jpg 495w, https:\/\/www.svetruck.se\/wp-content\/uploads\/2016\/12\/Klar_Machine_SE-845x684.jpg 845w\" sizes=\"(max-width: 495px) 100vw, 495px\" \/><div class='big-prev-fake'><img decoding=\"async\" loading=\"lazy\" class=\"wp-image-2308 avia-img-lazy-loading-2308\"  width=\"495\" height=\"400\" src=\"https:\/\/www.svetruck.se\/wp-content\/uploads\/2016\/12\/Klar_Machine_SE-495x400.jpg\" title='Klar_Machine_SE' alt='' srcset=\"https:\/\/www.svetruck.se\/wp-content\/uploads\/2016\/12\/Klar_Machine_SE-495x400.jpg 495w, https:\/\/www.svetruck.se\/wp-content\/uploads\/2016\/12\/Klar_Machine_SE-845x684.jpg 845w\" sizes=\"auto, (max-width: 495px) 100vw, 495px\" \/><\/div><\/a><a href=\"https:\/\/www.svetruck.se\/wp-content\/uploads\/2016\/12\/Klar_Analysis_SE-721x1030.jpg\" data-srcset=\"https:\/\/www.svetruck.se\/wp-content\/uploads\/2016\/12\/Klar_Analysis_SE-721x1030.jpg 721w, https:\/\/www.svetruck.se\/wp-content\/uploads\/2016\/12\/Klar_Analysis_SE-210x300.jpg 210w, https:\/\/www.svetruck.se\/wp-content\/uploads\/2016\/12\/Klar_Analysis_SE-768x1098.jpg 768w, https:\/\/www.svetruck.se\/wp-content\/uploads\/2016\/12\/Klar_Analysis_SE-1049x1500.jpg 1049w, https:\/\/www.svetruck.se\/wp-content\/uploads\/2016\/12\/Klar_Analysis_SE-493x705.jpg 493w, https:\/\/www.svetruck.se\/wp-content\/uploads\/2016\/12\/Klar_Analysis_SE-450x643.jpg 450w, https:\/\/www.svetruck.se\/wp-content\/uploads\/2016\/12\/Klar_Analysis_SE.jpg 1504w\" data-sizes=\"(max-width: 721px) 100vw, 721px\" data-rel='gallery-1' data-prev-img='https:\/\/www.svetruck.se\/wp-content\/uploads\/2016\/12\/Klar_Analysis_SE-495x400.jpg' class='first_thumb lightbox ' data-onclick='3' title='Analyse \u2013 Analyse der Parameter. Fehlerbehebung f\u00fcr die langfristige Identifikation von Abweichungen.'  itemprop=\"thumbnailUrl\"  ><img decoding=\"async\" fetchpriority=\"high\" class=\"wp-image-2304 avia-img-lazy-loading-not-2304\"  data-avia-tooltip='Analyse \u2013 Analyse der Parameter. Fehlerbehebung f\u00fcr die langfristige Identifikation von Abweichungen.' src=\"https:\/\/www.svetruck.se\/wp-content\/uploads\/2016\/12\/Klar_Analysis_SE-495x400.jpg\" width=\"495\" height=\"400\"  title='Klar_Analysis_SE' alt='' srcset=\"https:\/\/www.svetruck.se\/wp-content\/uploads\/2016\/12\/Klar_Analysis_SE-495x400.jpg 495w, https:\/\/www.svetruck.se\/wp-content\/uploads\/2016\/12\/Klar_Analysis_SE-845x684.jpg 845w\" sizes=\"(max-width: 495px) 100vw, 495px\" \/><div class='big-prev-fake'><img decoding=\"async\" loading=\"lazy\" class=\"wp-image-2304 avia-img-lazy-loading-2304\"  width=\"495\" height=\"400\" src=\"https:\/\/www.svetruck.se\/wp-content\/uploads\/2016\/12\/Klar_Analysis_SE-495x400.jpg\" title='Klar_Analysis_SE' alt='' srcset=\"https:\/\/www.svetruck.se\/wp-content\/uploads\/2016\/12\/Klar_Analysis_SE-495x400.jpg 495w, https:\/\/www.svetruck.se\/wp-content\/uploads\/2016\/12\/Klar_Analysis_SE-845x684.jpg 845w\" sizes=\"auto, (max-width: 495px) 100vw, 495px\" \/><\/div><\/a><a href=\"https:\/\/www.svetruck.se\/wp-content\/uploads\/2016\/12\/Klar_Report_SE-604x1030.jpg\" data-srcset=\"https:\/\/www.svetruck.se\/wp-content\/uploads\/2016\/12\/Klar_Report_SE-604x1030.jpg 604w, https:\/\/www.svetruck.se\/wp-content\/uploads\/2016\/12\/Klar_Report_SE-176x300.jpg 176w, https:\/\/www.svetruck.se\/wp-content\/uploads\/2016\/12\/Klar_Report_SE-768x1310.jpg 768w, https:\/\/www.svetruck.se\/wp-content\/uploads\/2016\/12\/Klar_Report_SE-879x1500.jpg 879w, https:\/\/www.svetruck.se\/wp-content\/uploads\/2016\/12\/Klar_Report_SE-413x705.jpg 413w, https:\/\/www.svetruck.se\/wp-content\/uploads\/2016\/12\/Klar_Report_SE-450x768.jpg 450w, https:\/\/www.svetruck.se\/wp-content\/uploads\/2016\/12\/Klar_Report_SE.jpg 1117w\" data-sizes=\"(max-width: 604px) 100vw, 604px\" data-rel='gallery-1' data-prev-img='https:\/\/www.svetruck.se\/wp-content\/uploads\/2016\/12\/Klar_Report_SE-495x400.jpg' class='lightbox ' data-onclick='4' title='Bericht \u2013 w\u00e4hlt das Abo f\u00fcr die verschiedenen Berichte. Visualisierung der Motor- und Betriebszeiten.'  itemprop=\"thumbnailUrl\"  ><img decoding=\"async\" fetchpriority=\"high\" class=\"wp-image-2300 avia-img-lazy-loading-not-2300\"  data-avia-tooltip='Bericht \u2013 w\u00e4hlt das Abo f\u00fcr die verschiedenen Berichte. Visualisierung der Motor- und Betriebszeiten.' src=\"https:\/\/www.svetruck.se\/wp-content\/uploads\/2016\/12\/Klar_Report_SE-495x400.jpg\" width=\"495\" height=\"400\"  title='Klar_Report_SE' alt='' srcset=\"https:\/\/www.svetruck.se\/wp-content\/uploads\/2016\/12\/Klar_Report_SE-495x400.jpg 495w, https:\/\/www.svetruck.se\/wp-content\/uploads\/2016\/12\/Klar_Report_SE-845x684.jpg 845w\" sizes=\"(max-width: 495px) 100vw, 495px\" \/><div class='big-prev-fake'><img decoding=\"async\" loading=\"lazy\" class=\"wp-image-2300 avia-img-lazy-loading-2300\"  width=\"495\" height=\"400\" src=\"https:\/\/www.svetruck.se\/wp-content\/uploads\/2016\/12\/Klar_Report_SE-495x400.jpg\" title='Klar_Report_SE' alt='' srcset=\"https:\/\/www.svetruck.se\/wp-content\/uploads\/2016\/12\/Klar_Report_SE-495x400.jpg 495w, https:\/\/www.svetruck.se\/wp-content\/uploads\/2016\/12\/Klar_Report_SE-845x684.jpg 845w\" sizes=\"auto, (max-width: 495px) 100vw, 495px\" \/><\/div><\/a><\/div><\/div><\/div>\n<\/div><\/div><\/div><!-- close content main div --><\/div><\/div><div id='after_section_1'  class='main_color av_default_container_wrap container_wrap sidebar_right'  ><div class='container av-section-cont-open' ><div class='template-page content  av-content-small alpha units'><div class='post-entry post-entry-type-page post-entry-1628'><div class='entry-content-wrapper clearfix'>\n\n<style type=\"text\/css\" data-created_by=\"avia_inline_auto\" id=\"style-css-av-he5tvw-95efb50d91c4cf592e33d706ca26cbcc\">\n.flex_column.av-he5tvw-95efb50d91c4cf592e33d706ca26cbcc{\nborder-radius:0px 0px 0px 0px;\npadding:0px 0px 0px 0px;\n}\n<\/style>\n<div  class='flex_column av-he5tvw-95efb50d91c4cf592e33d706ca26cbcc av_one_full  avia-builder-el-13  el_after_av_section  el_before_av_one_fourth  avia-builder-el-first  first flex_column_div av-zero-column-padding  '     ><style type=\"text\/css\" data-created_by=\"avia_inline_auto\" id=\"style-css-av-jilrjynx-2dfaeb8c63260cee56b4ee6fe7126fbf\">\n#top .av-special-heading.av-jilrjynx-2dfaeb8c63260cee56b4ee6fe7126fbf{\npadding-bottom:15px;\n}\nbody .av-special-heading.av-jilrjynx-2dfaeb8c63260cee56b4ee6fe7126fbf .av-special-heading-tag .heading-char{\nfont-size:25px;\n}\n.av-special-heading.av-jilrjynx-2dfaeb8c63260cee56b4ee6fe7126fbf .av-subheading{\nfont-size:15px;\n}\n<\/style>\n<div  class='av-special-heading av-jilrjynx-2dfaeb8c63260cee56b4ee6fe7126fbf av-special-heading-h3  avia-builder-el-14  avia-builder-el-no-sibling '><h3 class='av-special-heading-tag '  itemprop=\"headline\"  >SveCare 3.0 Produktdatenblatt herunterladen<\/h3><div class=\"special-heading-border\"><div class=\"special-heading-inner-border\"><\/div><\/div><\/div><\/div>\n\n<style type=\"text\/css\" data-created_by=\"avia_inline_auto\" id=\"style-css-av-e2za0c-9891463dc0d36867847119db8e00b849\">\n.flex_column.av-e2za0c-9891463dc0d36867847119db8e00b849{\nborder-radius:0px 0px 0px 0px;\npadding:0px 0px 0px 0px;\n}\n<\/style>\n<div  class='flex_column av-e2za0c-9891463dc0d36867847119db8e00b849 av_one_fourth  avia-builder-el-15  el_after_av_one_full  el_before_av_one_fourth  first flex_column_div av-zero-column-padding  column-top-margin'     ><\/div>\n\n<style type=\"text\/css\" data-created_by=\"avia_inline_auto\" id=\"style-css-av-aw74ak-3cedcc2f3b89254f894ada85750857be\">\n.flex_column.av-aw74ak-3cedcc2f3b89254f894ada85750857be{\nborder-radius:0px 0px 0px 0px;\npadding:0px 0px 0px 0px;\n}\n<\/style>\n<div  class='flex_column av-aw74ak-3cedcc2f3b89254f894ada85750857be av_one_fourth  avia-builder-el-17  el_after_av_one_fourth  el_before_av_one_fourth  flex_column_div av-zero-column-padding  column-top-margin'     ><\/div>\n\n<style type=\"text\/css\" data-created_by=\"avia_inline_auto\" id=\"style-css-av-6xvnuk-c5c5111b7b8d57c461f2e9dbf41d4e51\">\n.flex_column.av-6xvnuk-c5c5111b7b8d57c461f2e9dbf41d4e51{\nborder-radius:0px 0px 0px 0px;\npadding:0px 0px 0px 0px;\n}\n<\/style>\n<div  class='flex_column av-6xvnuk-c5c5111b7b8d57c461f2e9dbf41d4e51 av_one_fourth  avia-builder-el-19  el_after_av_one_fourth  el_before_av_one_fourth  flex_column_div av-zero-column-padding  column-top-margin'     ><\/div>\n\n<style type=\"text\/css\" data-created_by=\"avia_inline_auto\" id=\"style-css-av-4ndmjw-16c0aa5b39932419682ca90f6283225c\">\n.flex_column.av-4ndmjw-16c0aa5b39932419682ca90f6283225c{\nborder-radius:0px 0px 0px 0px;\npadding:0px 0px 0px 0px;\n}\n<\/style>\n<div  class='flex_column av-4ndmjw-16c0aa5b39932419682ca90f6283225c av_one_fourth  avia-builder-el-21  el_after_av_one_fourth  avia-builder-el-last  flex_column_div av-zero-column-padding  column-top-margin'     ><\/div>\n","protected":false},"excerpt":{"rendered":"","protected":false},"author":2,"featured_media":0,"parent":0,"menu_order":100,"comment_status":"closed","ping_status":"closed","template":"","meta":{"_monsterinsights_skip_tracking":false,"_monsterinsights_sitenote_active":false,"_monsterinsights_sitenote_note":"","_monsterinsights_sitenote_category":0,"footnotes":""},"class_list":["post-1628","page","type-page","status-publish","hentry"],"aioseo_notices":[],"_links":{"self":[{"href":"https:\/\/www.svetruck.se\/de\/wp-json\/wp\/v2\/pages\/1628","targetHints":{"allow":["GET"]}}],"collection":[{"href":"https:\/\/www.svetruck.se\/de\/wp-json\/wp\/v2\/pages"}],"about":[{"href":"https:\/\/www.svetruck.se\/de\/wp-json\/wp\/v2\/types\/page"}],"author":[{"embeddable":true,"href":"https:\/\/www.svetruck.se\/de\/wp-json\/wp\/v2\/users\/2"}],"replies":[{"embeddable":true,"href":"https:\/\/www.svetruck.se\/de\/wp-json\/wp\/v2\/comments?post=1628"}],"version-history":[{"count":22,"href":"https:\/\/www.svetruck.se\/de\/wp-json\/wp\/v2\/pages\/1628\/revisions"}],"predecessor-version":[{"id":2930,"href":"https:\/\/www.svetruck.se\/de\/wp-json\/wp\/v2\/pages\/1628\/revisions\/2930"}],"wp:attachment":[{"href":"https:\/\/www.svetruck.se\/de\/wp-json\/wp\/v2\/media?parent=1628"}],"curies":[{"name":"wp","href":"https:\/\/api.w.org\/{rel}","templated":true}]}}