{"id":1621,"date":"2018-06-18T15:14:52","date_gmt":"2018-06-18T14:14:52","guid":{"rendered":"https:\/\/www.svetruck.se\/?page_id=1621"},"modified":"2018-06-25T12:32:10","modified_gmt":"2018-06-25T11:32:10","slug":"datenschutzerklaerung","status":"publish","type":"page","link":"https:\/\/www.svetruck.se\/de\/datenschutzerklaerung\/","title":{"rendered":"Datenschutzerkl\u00e4rung"},"content":{"rendered":"<h3>Datenschutzerkl\u00e4rung f\u00fcr<\/h3>\n<p>Svetruck AB, 556195-0873, Box 321, 241 26 Ljungby\/Schweden. Besuchsadresse:\u00a0L\u00e5nggatan 29, Ljungby\/Schweden<\/p>\n<p>Unsere Website ist\u00a0<a href=\"https:\/\/www.svetruck.se\">https:\/\/www.svetruck.se<\/a>\u00a0mit den zugeh\u00f6rigen Domains <a href=\"http:\/\/www.svetruck.com\">www.svetruck.com<\/a>, <a href=\"http:\/\/www.svetruck.de\">www.svetruck.de<\/a>, <a href=\"http:\/\/www.svetruck.be\">www.svetruck.be<\/a>, <a href=\"http:\/\/www.svetruck.nl,\">www.svetruck.nl,<\/a> <a href=\"http:\/\/www.svetruck.no,\">www.svetruck.no,<\/a> <a href=\"http:\/\/www.svetruck.nu,\">www.svetruck.nu,<\/a> <a href=\"http:\/\/www.svetruck.co.uk,\">www.svetruck.co.uk,<\/a> <a href=\"http:\/\/www.svetruck.us\">www.svetruck.us<\/a> und\u00a0<a href=\"http:\/\/usedmachines.svetruck.se\">usedmachines.svetruck.se<\/a> * im Weiteren bezeichnet als *svetruck.se*.<\/p>\n<p>&nbsp;<\/p>\n<h3>Verarbeitung personenbezogener Daten<\/h3>\n<p><strong>Ziel<br \/>\n<\/strong>Wir verarbeiten Ihre personenbezogenen Daten in erster Linie um unsere Verpflichtungen Ihnen gegen\u00fcber zu erf\u00fcllen. Grunds\u00e4tzlich verarbeiten wir nicht mehr personenbezogene Daten, als wir zu diesem Zweck ben\u00f6tigen. Wir sind stets bestrebt, die in Bezug auf die Integrit\u00e4t am wenigsten sensiblen Daten zu verwenden.<\/p>\n<p>Diese Richtlinien sollen Sie dar\u00fcber informieren, wie wir Ihre personenbezogenen Daten verarbeiten, zu welchen Zwecken wir die Daten verwenden, welche Personen unter welchen Voraussetzungen Zugang zu den Daten erhalten und wie Sie Ihre Rechte geltend machen k\u00f6nnen.<\/p>\n<p><strong>Hintergrund<br \/>\n<\/strong>Wir verarbeiten Ihre personenbezogenen Daten in erster Linie dazu, um unsere Verpflichtungen Ihnen gegen\u00fcber zu erf\u00fcllen. Grunds\u00e4tzlich verarbeiten wir nicht mehr personenbezogene Daten, als wir zu diesem Zweck ben\u00f6tigen, und wir sind stets bestrebt, die in Bezug auf die Integrit\u00e4t am wenigsten sensiblen Daten zu verwenden.<\/p>\n<p>Wir ben\u00f6tigen Ihre personenbezogenen Daten auch dazu, um Ihnen einen guten Service bieten zu k\u00f6nnen. Es kann auch sein, dass wir Ihre personenbezogenen Daten ben\u00f6tigen, um gesetzlichen Verpflichtungen nachzukommen.<\/p>\n<h3>Richtlinien<\/h3>\n<p><strong>Welche personenbezogenen Daten verarbeiten wir?<br \/>\n<\/strong>Unser Kundenverzeichnis enth\u00e4lt ausschlie\u00dflich Daten zu Unternehmen, Organisationen und Einzelpersonen, die auf irgendeine Weise mit uns in Kontakt getreten sind. Bei den von uns gespeicherten Daten handelt es sich um Angaben, die erforderlich sind, um Sie zu kontaktieren. Wir verarbeiten keine privaten Daten von Einzelpersonen.<\/p>\n<p>Wir verarbeiten personenbezogene Daten nur dann, wenn eine rechtliche Grundlage daf\u00fcr vorhanden ist. Wir verarbeiten personenbezogene Daten nur in den F\u00e4llen, in denen es erforderlich ist, um vertraglichen oder gesetzlichen Verpflichtungen nachzukommen. Hier folgen Beispiele f\u00fcr personenbezogene Daten, die wir verarbeiten:<\/p>\n<ul>\n<li>Name<\/li>\n<li>Adresse<\/li>\n<li>E-Mail-Adresse<\/li>\n<li>Telefonnummer<\/li>\n<li>Faxnummer<\/li>\n<li>Titel<\/li>\n<li>Bei Daten, mit denen Sie sich selbst\u00e4ndig und freiwillig registriert haben, handelt es sich um Inhalte, die Sie selbst \u00f6ffentlich machen, sogenannte benutzergenerierte Inhalte<\/li>\n<li>Cookie-daten<\/li>\n<li>Information \u00fcber Ihren Browser, Ihr Ger\u00e4t und IP-Adresse<\/li>\n<\/ul>\n<p><strong>Wir erhalten auf folgende Weise Zugang zu Ihren personenbezogenen Daten:<\/strong><\/p>\n<ul>\n<li>Daten, die Sie uns direkt zur Verf\u00fcgung stellen<\/li>\n<li>Daten, die registriert werden, wenn Sie uns besuchen oder uns \u00fcber die Formulare auf unseren Websites kontaktieren<\/li>\n<li>Daten, die wir erhalten, wenn Sie sich an uns wenden oder Besuch von einem unserer\u00a0Mitarbeiter erhalten<\/li>\n<li>Daten, die wir erhalten, wenn Sie sich an uns wenden, sich um eine Stelle bei uns bewerben, uns besuchen oder auf andere Weise in Kontakt zu uns treten<\/li>\n<\/ul>\n<p><strong>Wer hat Zugang zu Ihren Daten?<br \/>\n<\/strong>Die Informationen, die wir von Ihnen erhalten haben, sind ausschlie\u00dflich Mitarbeitern vorbehalten, die mit der betreffenden Angelegenheit befasst sind. Ihre Daten werden niemals\u00a0an Dritte weitergegeben; ausgenommen sind Informationen, die Svetruck AB aufgrund schwedischer oder europ\u00e4ischer Gesetze offenlegen muss, wie Daten, die f\u00fcr Bilanz, Buchf\u00fchrung, Zahlung der Umsatzsteuer und Steuererkl\u00e4rungen relevant sind.<\/p>\n<p><strong>Wie gehen wir mit den Informationen und Daten der Kunden um?<br \/>\n<\/strong>Wir behandeln die Informationen der Kunden stets vertraulich und mit gr\u00f6\u00dfter Verschwiegenheit. Informationen werden nur herausgegeben, wenn der Kunde dem zustimmt oder dies w\u00fcnscht. Zu den technischen Mitteln, mit denen wir uns vor Angriffen verschiedener Art sch\u00fctzen, geh\u00f6ren modernste IT-Technologien mit Firewalls und Anti-Virenprogrammen.<\/p>\n<p><strong>Welche Informationen erhalten Sie von uns?<br \/>\n<\/strong>Wenn wir Ihre personenbezogenen Daten zum ersten Mal erfassen, informieren wir Sie dar\u00fcber, wie wir die personenbezogenen Daten erhalten haben, zu welchem Zweck wir sie verwenden werden, welche Rechte Sie gem\u00e4\u00df\u00a0der Datenschutzgesetzgebung haben und wie Sie von diesen Rechten Gebrauch machen k\u00f6nnen. Sie werden auch dar\u00fcber informiert, wer f\u00fcr die Verarbeitung personenbezogener Daten verantwortlich ist und wie Sie uns kontaktieren k\u00f6nnen, wenn Sie Fragen haben oder einen Antrag oder eine Anfrage bez\u00fcglich Ihrer\u00a0personenbezogenen Daten und\/oder Rechte stellen wollen.<\/p>\n<p><strong>Werden Ihre personenbezogenen Daten auf sichere Weise verarbeitet?<br \/>\n<\/strong>Wir erarbeiten Routinen und Arbeitsweisen, damit Ihre personenbezogenen Daten auf sichere Weise verarbeitet werden. Grunds\u00e4tzlich erhalten nur Arbeitnehmer und andere Personen in der Organisation Zugang, die die personenbezogenen Daten ben\u00f6tigen, um\u00a0ihre Arbeitsaufgaben zu erledigen. Unser Sicherheitssystem wurde mit Ihrer Integrit\u00e4t im Fokus entwickelt und bietet einen sehr hohen Schutz gegen Angriffe, Zerst\u00f6rung sowie andere Ver\u00e4nderungen, die eine Gefahr f\u00fcr Ihre Integrit\u00e4t darstellen k\u00f6nnten.<\/p>\n<p>Wir geben personenbezogene Daten nur in den F\u00e4llen weiter, die in dieser Richtlinie ausdr\u00fccklich genannt sind.<\/p>\n<p><strong>Was speichern wir, wenn Sie unsere Websites besuchen?<br \/>\n<\/strong>Wir setzen Cookies ein, wenn Sie unsere Websites besuchen. Cookies werden eingesetzt, um eine bessere Funktion zu erm\u00f6glichen sowie Statistiken (Google\u00a0Analytics) \u00fcber die Nutzung unserer Websites zu erstellen.<\/p>\n<p>Ein Cookie ist eine Informationsdatei, die in dem Ger\u00e4t (z. B. Computer oder Tablet) platziert wird, dass Sie beim Besuch der Website verwenden. Es ist m\u00f6glich, die Cookie-Funktion auszuschalten. Dies erfolgt in den Sicherheitseinstellungen Ihres Browsers. Wir weisen jedoch darauf hin, dass dies dazu f\u00fchren kann, dass Sie bestimmte Funktionen auf der Website nicht mehr nutzen k\u00f6nnen und dass sich die Funktion der Website verschlechtert.<\/p>\n<p>Svetruck.se kann auch Medienlinks und Links zu und von Websites Dritter enthalten. Wenn Sie einem Link zu einer dieser Websites folgen, bedenken Sie bitte, dass diese Websites Ihre eigenen Datenschutzrichtlinien haben und Svetruck.se unter keinen Umst\u00e4nden f\u00fcr diese Richtlinien haftet. Wir fordern Sie daher dazu auf, die Datenschutzrichtlinien der entsprechenden Website zu lesen, bevor Sie personenbezogenen Daten \u00fcbermitteln.<\/p>\n<p><strong>Wann legen wir Ihre personenbezogenen Daten offen?<br \/>\n<\/strong>Grunds\u00e4tzlich legen wir Ihre personenbezogenen Daten nicht gegen\u00fcber Dritten offen, wenn Sie dem nicht zugestimmt haben oder dies nicht notwendig ist, um unsere vertraglichen oder gesetzlichen Verpflichtungen zu erf\u00fcllen. In den F\u00e4llen, in denen wir personenbezogenen Daten gegen\u00fcber Dritten offenlegen, schlie\u00dfen wir\u00a0eine Vertraulichkeitsvereinbarung ab und stellen sicher, dass die personenbezogenen Daten auf sichere Weise verarbeitet werden.<\/p>\n<p>Wir verkaufen oder vermitteln niemals Informationen zu Marketing-, Werbe- und\/oder Verkaufszwecken an andere externe Organisationen.<\/p>\n<h3><strong>Was sind Ihre Rechte?<\/strong><\/h3>\n<p><strong>Recht auf Zugang<br \/>\n<\/strong>Sie haben das Recht, jederzeit Auskunft \u00fcber die personenbezogenen Daten zu verlangen, die wir zu Ihrer Person gespeichert haben. Sie k\u00f6nnen sich gerne unter info@svetruck.se an uns wenden, und wir senden Ihnen Ihre personenbezogenen Daten per E-Mail zu.<\/p>\n<p><strong>Recht auf Berichtigung<br \/>\n<\/strong>Sie haben das Recht, eine Berichtigung zu verlangen, falls Ihre personenbezogenen Daten fehlerhaft sind. Sie k\u00f6nnen sich gerne auf svetruck.se an uns wenden, und wir senden Ihnen Ihre personenbezogenen Daten per E-Mail zu.<\/p>\n<p><strong>Verantwortlichkeit<br \/>\n<\/strong>Verantwortlich f\u00fcr die personenbezogenen Daten ist Svetruck AB, 556195-0873, was bedeutet, dass wir f\u00fcr die Art und Weise der Verarbeitung Ihrer personenbezogenen Daten und die Wahrung Ihrer Rechte verantwortlich sind.<\/p>\n","protected":false},"excerpt":{"rendered":"<p>Datenschutzerkl\u00e4rung f\u00fcr Svetruck AB, 556195-0873, Box 321, 241 26 Ljungby\/Schweden. Besuchsadresse:\u00a0L\u00e5nggatan 29, Ljungby\/Schweden Unsere Website ist\u00a0https:\/\/www.svetruck.se\u00a0mit den zugeh\u00f6rigen Domains www.svetruck.com, www.svetruck.de, www.svetruck.be, www.svetruck.nl, www.svetruck.no, www.svetruck.nu, www.svetruck.co.uk, www.svetruck.us und\u00a0usedmachines.svetruck.se * im Weiteren bezeichnet als *svetruck.se*. &nbsp; Verarbeitung personenbezogener Daten Ziel Wir verarbeiten Ihre personenbezogenen Daten in erster Linie um unsere Verpflichtungen Ihnen gegen\u00fcber zu erf\u00fcllen. Grunds\u00e4tzlich [&hellip;]<\/p>\n","protected":false},"author":2,"featured_media":0,"parent":0,"menu_order":120,"comment_status":"closed","ping_status":"closed","template":"","meta":{"_monsterinsights_skip_tracking":false,"_monsterinsights_sitenote_active":false,"_monsterinsights_sitenote_note":"","_monsterinsights_sitenote_category":0,"footnotes":""},"class_list":["post-1621","page","type-page","status-publish","hentry"],"aioseo_notices":[],"_links":{"self":[{"href":"https:\/\/www.svetruck.se\/de\/wp-json\/wp\/v2\/pages\/1621","targetHints":{"allow":["GET"]}}],"collection":[{"href":"https:\/\/www.svetruck.se\/de\/wp-json\/wp\/v2\/pages"}],"about":[{"href":"https:\/\/www.svetruck.se\/de\/wp-json\/wp\/v2\/types\/page"}],"author":[{"embeddable":true,"href":"https:\/\/www.svetruck.se\/de\/wp-json\/wp\/v2\/users\/2"}],"replies":[{"embeddable":true,"href":"https:\/\/www.svetruck.se\/de\/wp-json\/wp\/v2\/comments?post=1621"}],"version-history":[{"count":12,"href":"https:\/\/www.svetruck.se\/de\/wp-json\/wp\/v2\/pages\/1621\/revisions"}],"predecessor-version":[{"id":2739,"href":"https:\/\/www.svetruck.se\/de\/wp-json\/wp\/v2\/pages\/1621\/revisions\/2739"}],"wp:attachment":[{"href":"https:\/\/www.svetruck.se\/de\/wp-json\/wp\/v2\/media?parent=1621"}],"curies":[{"name":"wp","href":"https:\/\/api.w.org\/{rel}","templated":true}]}}