{"id":1615,"date":"2018-06-13T07:04:31","date_gmt":"2018-06-13T06:04:31","guid":{"rendered":"https:\/\/www.svetruck.se\/?page_id=1615"},"modified":"2018-06-20T14:32:48","modified_gmt":"2018-06-20T13:32:48","slug":"fahrerkabine-mit-180-drehbarem-fahrersitz","status":"publish","type":"page","link":"https:\/\/www.svetruck.se\/de\/gabelstapler\/fahrerkabine-mit-180-drehbarem-fahrersitz\/","title":{"rendered":"Fahrerkabine mit 180\u00b0 drehbarem Fahrersitz"},"content":{"rendered":"\n<style type=\"text\/css\" data-created_by=\"avia_inline_auto\" id=\"style-css-sub-av-9tn35b-a859bd690826816e7777734d65f8487d\">\n.av-hotspot-image-container .av-image-hotspot.av-7cb7jj-277d19b1482639e747a6fd37a752e35d{\ntop:30%;\nleft:22.2%;\n}\n.av-hotspot-image-container .av-image-hotspot.av-7cb7jj-277d19b1482639e747a6fd37a752e35d .av-image-hotspot_inner{\nbackground-color:#3e9999;\n}\n.av-hotspot-image-container .av-image-hotspot.av-7cb7jj-277d19b1482639e747a6fd37a752e35d .av-image-hotspot-pulse{\nbackground-color:#3e9999;\n}\n.av-hotspot-image-container .av-image-hotspot.av-6jc98v-2fe87699509fceabc39f464f65dc6a4e{\ntop:16.2%;\nleft:48.8%;\n}\n.av-hotspot-image-container .av-image-hotspot.av-6jc98v-2fe87699509fceabc39f464f65dc6a4e .av-image-hotspot_inner{\nbackground-color:#3e9999;\n}\n.av-hotspot-image-container .av-image-hotspot.av-6jc98v-2fe87699509fceabc39f464f65dc6a4e .av-image-hotspot-pulse{\nbackground-color:#3e9999;\n}\n.av-hotspot-image-container .av-image-hotspot.av-cxki7-3dd1fc03b486c1fd66a57994896a41ce{\ntop:87.5%;\nleft:43.4%;\n}\n.av-hotspot-image-container .av-image-hotspot.av-cxki7-3dd1fc03b486c1fd66a57994896a41ce .av-image-hotspot_inner{\nbackground-color:#3e9999;\n}\n.av-hotspot-image-container .av-image-hotspot.av-cxki7-3dd1fc03b486c1fd66a57994896a41ce .av-image-hotspot-pulse{\nbackground-color:#3e9999;\n}\n.av-hotspot-image-container .av-image-hotspot.av-2mgo33-aaaafcc5566a466755f428049b6403de{\ntop:66.3%;\nleft:73.1%;\n}\n.av-hotspot-image-container .av-image-hotspot.av-2mgo33-aaaafcc5566a466755f428049b6403de .av-image-hotspot_inner{\nbackground-color:#3e9999;\n}\n.av-hotspot-image-container .av-image-hotspot.av-2mgo33-aaaafcc5566a466755f428049b6403de .av-image-hotspot-pulse{\nbackground-color:#3e9999;\n}\n<\/style>\n<div  class='av-hotspot-image-container av-9tn35b-a859bd690826816e7777734d65f8487d  avia-builder-el-0  avia-builder-el-no-sibling  av-hotspot-blank av-mobile-fallback-active  av-non-fullwidth-hotspot-image'  itemprop=\"image\" itemscope=\"itemscope\" itemtype=\"https:\/\/schema.org\/ImageObject\" ><div class='av-hotspot-container'><div class='av-hotspot-container-inner-cell'><div class='av-hotspot-container-inner-wrap'><div class='av-image-hotspot av-7cb7jj-277d19b1482639e747a6fd37a752e35d av-image-hotspot-1 ' data-avia-tooltip-position='right' data-avia-tooltip-alignment='centered' data-avia-tooltip-class='av-tt-large-width av-tt-pos-right av-tt-align-centered  av-mobile-fallback-active  main_color av-tt-hotspot' data-avia-tooltip='&lt;p dir=&quot;LTR&quot; align=&quot;LEFT&quot;&gt;&lt;strong&gt;SVETRUCK D5&lt;\/strong&gt;&lt;br \/&gt;\nElektronisches Kontroll-und Anzeigesystem\u00a0bietet eine komplette Informationsaussage\u00a0 \u00fcber den Fahrzeugstatus.&lt;\/p&gt;\n'><div class='av-image-hotspot_inner'>1<\/div><div class='av-image-hotspot-pulse'><\/div><\/div><div class='av-image-hotspot av-6jc98v-2fe87699509fceabc39f464f65dc6a4e av-image-hotspot-2 ' data-avia-tooltip-position='bottom' data-avia-tooltip-alignment='centered' data-avia-tooltip-class='av-tt-large-width av-tt-pos-below av-tt-align-centered  av-mobile-fallback-active  main_color av-tt-hotspot' data-avia-tooltip='&lt;p dir=&quot;LTR&quot; align=&quot;LEFT&quot;&gt;&lt;strong&gt;Sicherheit und Sicht&lt;\/strong&gt;&lt;br \/&gt;\nEine Fahrerkabine mit hohem Sicherheitsfaktor.\u00a0Vierfach aufgeh\u00e4ngte T\u00fcren, stabile Dach-,\u00a0Front-, R\u00fcck- und Seitenholme.&lt;br \/&gt;\nSicherer und bequemer Einstieg und optimale\u00a0Sicht nach allen Seiten.&lt;\/p&gt;\n'><div class='av-image-hotspot_inner'>2<\/div><div class='av-image-hotspot-pulse'><\/div><\/div><div class='av-image-hotspot av-cxki7-3dd1fc03b486c1fd66a57994896a41ce av-image-hotspot-3 ' data-avia-tooltip-position='top' data-avia-tooltip-alignment='centered' data-avia-tooltip-class='av-tt-large-width av-tt-pos-above av-tt-align-centered  av-mobile-fallback-active  main_color av-tt-hotspot' data-avia-tooltip='&lt;p dir=&quot;LTR&quot; align=&quot;LEFT&quot;&gt;&lt;strong&gt;Ein angenehmer Arbeitsplatz&lt;\/strong&gt;&lt;br \/&gt;\nDer Fahrer f\u00fchlt sich wohl an diesem Arbeitsplatz,\u00a0denn diese ger\u00e4umige Sicherheitskabine bietet\u00a0viel Platz, einen geringen Ger\u00e4uschpegel und eine\u00a0leistungsstarke Heizungsanlage. Der Standard\u00a0Fahrersitz wird mechanisch eingestellt und ein\u00a0zus\u00e4tzlicher Beifahrersitz befindet sich rechts\u00a0vom Fahrer in dieser Kabine.&lt;\/p&gt;\n'><div class='av-image-hotspot_inner'>3<\/div><div class='av-image-hotspot-pulse'><\/div><\/div><div class='av-image-hotspot av-2mgo33-aaaafcc5566a466755f428049b6403de av-image-hotspot-4 ' data-avia-tooltip-position='left' data-avia-tooltip-alignment='centered' data-avia-tooltip-class='av-tt-large-width av-tt-pos-left av-tt-align-centered  av-mobile-fallback-active  main_color av-tt-hotspot' data-avia-tooltip='&lt;p dir=&quot;LTR&quot; align=&quot;LEFT&quot;&gt;&lt;strong&gt;Hydraulische Ansteuerung&lt;\/strong&gt;&lt;br \/&gt;\nErgonomisch angeordnete Bedienelemente f\u00fcr\u00a0gr\u00f6\u00dftm\u00f6glichen Bedienerkomfort. Elektrische\u00a0Hydrauliksteuerung (EHC) mit Schaltwippen\u00a0oder Joystick als Standard.&lt;\/p&gt;\n'><div class='av-image-hotspot_inner'>4<\/div><div class='av-image-hotspot-pulse'><\/div><\/div><img decoding=\"async\" fetchpriority=\"high\" class='wp-image-2260 avia-img-lazy-loading-not-2260 avia_image' src=\"https:\/\/www.svetruck.se\/wp-content\/uploads\/2016\/06\/Svetruck1_Revolvcabin.jpg\" alt='' title='svetruck1_revolvcabin'  height=\"960\" width=\"1984\"  itemprop=\"thumbnailUrl\" srcset=\"https:\/\/www.svetruck.se\/wp-content\/uploads\/2016\/06\/Svetruck1_Revolvcabin.jpg 1984w, https:\/\/www.svetruck.se\/wp-content\/uploads\/2016\/06\/Svetruck1_Revolvcabin-300x145.jpg 300w, https:\/\/www.svetruck.se\/wp-content\/uploads\/2016\/06\/Svetruck1_Revolvcabin-768x372.jpg 768w, https:\/\/www.svetruck.se\/wp-content\/uploads\/2016\/06\/Svetruck1_Revolvcabin-1030x498.jpg 1030w, https:\/\/www.svetruck.se\/wp-content\/uploads\/2016\/06\/Svetruck1_Revolvcabin-1500x726.jpg 1500w, https:\/\/www.svetruck.se\/wp-content\/uploads\/2016\/06\/Svetruck1_Revolvcabin-705x341.jpg 705w, https:\/\/www.svetruck.se\/wp-content\/uploads\/2016\/06\/Svetruck1_Revolvcabin-450x218.jpg 450w\" sizes=\"(max-width: 1984px) 100vw, 1984px\" \/><\/div><\/div><\/div><div class='av-hotspot-fallback-tooltip av-image-hotspot-1 '><div class=\"av-hotspot-fallback-tooltip-count\">1<div class=\"avia-arrow\"><\/div><\/div><div class=\"av-hotspot-fallback-tooltip-inner clearfix\"><\/p>\n<p dir=\"LTR\" align=\"LEFT\"><strong>SVETRUCK D5<\/strong><br \/>\nElektronisches Kontroll-und Anzeigesystem\u00a0bietet eine komplette Informationsaussage\u00a0 \u00fcber den Fahrzeugstatus.<\/p>\n<p>\n<\/div><\/div><div class='av-hotspot-fallback-tooltip av-image-hotspot-2 '><div class=\"av-hotspot-fallback-tooltip-count\">2<div class=\"avia-arrow\"><\/div><\/div><div class=\"av-hotspot-fallback-tooltip-inner clearfix\"><\/p>\n<p dir=\"LTR\" align=\"LEFT\"><strong>Sicherheit und Sicht<\/strong><br \/>\nEine Fahrerkabine mit hohem Sicherheitsfaktor.\u00a0Vierfach aufgeh\u00e4ngte T\u00fcren, stabile Dach-,\u00a0Front-, R\u00fcck- und Seitenholme.<br \/>\nSicherer und bequemer Einstieg und optimale\u00a0Sicht nach allen Seiten.<\/p>\n<p>\n<\/div><\/div><div class='av-hotspot-fallback-tooltip av-image-hotspot-3 '><div class=\"av-hotspot-fallback-tooltip-count\">3<div class=\"avia-arrow\"><\/div><\/div><div class=\"av-hotspot-fallback-tooltip-inner clearfix\"><\/p>\n<p dir=\"LTR\" align=\"LEFT\"><strong>Ein angenehmer Arbeitsplatz<\/strong><br \/>\nDer Fahrer f\u00fchlt sich wohl an diesem Arbeitsplatz,\u00a0denn diese ger\u00e4umige Sicherheitskabine bietet\u00a0viel Platz, einen geringen Ger\u00e4uschpegel und eine\u00a0leistungsstarke Heizungsanlage. Der Standard\u00a0Fahrersitz wird mechanisch eingestellt und ein\u00a0zus\u00e4tzlicher Beifahrersitz befindet sich rechts\u00a0vom Fahrer in dieser Kabine.<\/p>\n<p>\n<\/div><\/div><div class='av-hotspot-fallback-tooltip av-image-hotspot-4 '><div class=\"av-hotspot-fallback-tooltip-count\">4<div class=\"avia-arrow\"><\/div><\/div><div class=\"av-hotspot-fallback-tooltip-inner clearfix\"><\/p>\n<p dir=\"LTR\" align=\"LEFT\"><strong>Hydraulische Ansteuerung<\/strong><br \/>\nErgonomisch angeordnete Bedienelemente f\u00fcr\u00a0gr\u00f6\u00dftm\u00f6glichen Bedienerkomfort. Elektrische\u00a0Hydrauliksteuerung (EHC) mit Schaltwippen\u00a0oder Joystick als Standard.<\/p>\n<p>\n<\/div><\/div><\/div>\n","protected":false},"excerpt":{"rendered":"","protected":false},"author":2,"featured_media":0,"parent":1603,"menu_order":0,"comment_status":"closed","ping_status":"closed","template":"","meta":{"_monsterinsights_skip_tracking":false,"_monsterinsights_sitenote_active":false,"_monsterinsights_sitenote_note":"","_monsterinsights_sitenote_category":0,"footnotes":""},"class_list":["post-1615","page","type-page","status-publish","hentry"],"aioseo_notices":[],"_links":{"self":[{"href":"https:\/\/www.svetruck.se\/de\/wp-json\/wp\/v2\/pages\/1615","targetHints":{"allow":["GET"]}}],"collection":[{"href":"https:\/\/www.svetruck.se\/de\/wp-json\/wp\/v2\/pages"}],"about":[{"href":"https:\/\/www.svetruck.se\/de\/wp-json\/wp\/v2\/types\/page"}],"author":[{"embeddable":true,"href":"https:\/\/www.svetruck.se\/de\/wp-json\/wp\/v2\/users\/2"}],"replies":[{"embeddable":true,"href":"https:\/\/www.svetruck.se\/de\/wp-json\/wp\/v2\/comments?post=1615"}],"version-history":[{"count":6,"href":"https:\/\/www.svetruck.se\/de\/wp-json\/wp\/v2\/pages\/1615\/revisions"}],"predecessor-version":[{"id":1736,"href":"https:\/\/www.svetruck.se\/de\/wp-json\/wp\/v2\/pages\/1615\/revisions\/1736"}],"up":[{"embeddable":true,"href":"https:\/\/www.svetruck.se\/de\/wp-json\/wp\/v2\/pages\/1603"}],"wp:attachment":[{"href":"https:\/\/www.svetruck.se\/de\/wp-json\/wp\/v2\/media?parent=1615"}],"curies":[{"name":"wp","href":"https:\/\/api.w.org\/{rel}","templated":true}]}}