{"id":1606,"date":"2018-06-13T07:23:26","date_gmt":"2018-06-13T06:23:26","guid":{"rendered":"https:\/\/www.svetruck.se\/?page_id=1606"},"modified":"2018-06-20T14:32:48","modified_gmt":"2018-06-20T13:32:48","slug":"fahrerkabine","status":"publish","type":"page","link":"https:\/\/www.svetruck.se\/de\/gabelstapler\/fahrerkabine\/","title":{"rendered":"Fahrerkabine"},"content":{"rendered":"\n<style type=\"text\/css\" data-created_by=\"avia_inline_auto\" id=\"style-css-sub-av-9wuedi-5c36242938e1a2e7914ef0f1e5fce438\">\n.av-hotspot-image-container .av-image-hotspot.av-77b61y-4a2a2f0e49e3f79a25803e5299a690de{\ntop:32.2%;\nleft:22.4%;\n}\n.av-hotspot-image-container .av-image-hotspot.av-77b61y-4a2a2f0e49e3f79a25803e5299a690de .av-image-hotspot_inner{\nbackground-color:#3e9999;\n}\n.av-hotspot-image-container .av-image-hotspot.av-77b61y-4a2a2f0e49e3f79a25803e5299a690de .av-image-hotspot-pulse{\nbackground-color:#3e9999;\n}\n.av-hotspot-image-container .av-image-hotspot.av-57w0bq-b395fc152668c6a47fe14fe4e80d0756{\ntop:8.6%;\nleft:50%;\n}\n.av-hotspot-image-container .av-image-hotspot.av-57w0bq-b395fc152668c6a47fe14fe4e80d0756 .av-image-hotspot_inner{\nbackground-color:#3e9999;\n}\n.av-hotspot-image-container .av-image-hotspot.av-57w0bq-b395fc152668c6a47fe14fe4e80d0756 .av-image-hotspot-pulse{\nbackground-color:#3e9999;\n}\n.av-hotspot-image-container .av-image-hotspot.av-fa8c6-5aef4c9917f7010f60d44fcea63ef0c1{\ntop:48.1%;\nleft:70.6%;\n}\n.av-hotspot-image-container .av-image-hotspot.av-fa8c6-5aef4c9917f7010f60d44fcea63ef0c1 .av-image-hotspot_inner{\nbackground-color:#3e9999;\n}\n.av-hotspot-image-container .av-image-hotspot.av-fa8c6-5aef4c9917f7010f60d44fcea63ef0c1 .av-image-hotspot-pulse{\nbackground-color:#3e9999;\n}\n.av-hotspot-image-container .av-image-hotspot.av-375hcm-8f8499e6508e604cfc407913dac7d6c9{\ntop:80%;\nleft:50.3%;\n}\n.av-hotspot-image-container .av-image-hotspot.av-375hcm-8f8499e6508e604cfc407913dac7d6c9 .av-image-hotspot_inner{\nbackground-color:#3e9999;\n}\n.av-hotspot-image-container .av-image-hotspot.av-375hcm-8f8499e6508e604cfc407913dac7d6c9 .av-image-hotspot-pulse{\nbackground-color:#3e9999;\n}\n<\/style>\n<div  class='av-hotspot-image-container av-9wuedi-5c36242938e1a2e7914ef0f1e5fce438  avia-builder-el-0  avia-builder-el-no-sibling  av-hotspot-blank av-mobile-fallback-active  av-non-fullwidth-hotspot-image'  itemprop=\"image\" itemscope=\"itemscope\" itemtype=\"https:\/\/schema.org\/ImageObject\" ><div class='av-hotspot-container'><div class='av-hotspot-container-inner-cell'><div class='av-hotspot-container-inner-wrap'><div class='av-image-hotspot av-77b61y-4a2a2f0e49e3f79a25803e5299a690de av-image-hotspot-1 ' data-avia-tooltip-position='right' data-avia-tooltip-alignment='centered' data-avia-tooltip-class='av-tt-large-width av-tt-pos-right av-tt-align-centered  av-mobile-fallback-active  main_color av-tt-hotspot' data-avia-tooltip='&lt;p dir=&quot;LTR&quot; align=&quot;LEFT&quot;&gt;&lt;strong&gt;Armaturen und Schalter&lt;\/strong&gt;&lt;br \/&gt;\nKontrollleuchten f\u00fcr alle technischen Aggregate.&lt;br \/&gt;\nKippschalter f\u00fcr elektrische Verbraucher.&lt;\/p&gt;\n'><div class='av-image-hotspot_inner'>1<\/div><div class='av-image-hotspot-pulse'><\/div><\/div><div class='av-image-hotspot av-57w0bq-b395fc152668c6a47fe14fe4e80d0756 av-image-hotspot-2 ' data-avia-tooltip-position='bottom' data-avia-tooltip-alignment='centered' data-avia-tooltip-class='av-tt-large-width av-tt-pos-below av-tt-align-centered  av-mobile-fallback-active  main_color av-tt-hotspot' data-avia-tooltip='&lt;p dir=&quot;LTR&quot; align=&quot;LEFT&quot;&gt;&lt;strong&gt;Sicherheit und Sicht&lt;\/strong&gt;&lt;br \/&gt;\nEine Fahrerkabine mit hohem Sicherheitsfaktor.&lt;br \/&gt;\nVierfach aufgeh\u00e4ngte T\u00fcren, stabile Dach-, Front-, R\u00fcck- und Seitenholme.&lt;br \/&gt;\nSicherer und bequemer Einstieg und optimale Sicht nach allen Seiten.&lt;\/p&gt;\n'><div class='av-image-hotspot_inner'>2<\/div><div class='av-image-hotspot-pulse'><\/div><\/div><div class='av-image-hotspot av-fa8c6-5aef4c9917f7010f60d44fcea63ef0c1 av-image-hotspot-3 ' data-avia-tooltip-position='left' data-avia-tooltip-alignment='centered' data-avia-tooltip-class='av-tt-large-width av-tt-pos-left av-tt-align-centered  av-mobile-fallback-active  main_color av-tt-hotspot' data-avia-tooltip='&lt;p dir=&quot;LTR&quot; align=&quot;LEFT&quot;&gt;&lt;strong&gt;Hydraulische Ansteuerung&lt;\/strong&gt;&lt;br \/&gt;\nServo-Hydraulische Bedienhebel f\u00fcr alle Hubger\u00fcst- und Hydraulikfunktionen.&lt;\/p&gt;\n'><div class='av-image-hotspot_inner'>3<\/div><div class='av-image-hotspot-pulse'><\/div><\/div><div class='av-image-hotspot av-375hcm-8f8499e6508e604cfc407913dac7d6c9 av-image-hotspot-4 ' data-avia-tooltip-position='top' data-avia-tooltip-alignment='centered' data-avia-tooltip-class='av-tt-large-width av-tt-pos-above av-tt-align-centered  av-mobile-fallback-active  main_color av-tt-hotspot' data-avia-tooltip='&lt;p dir=&quot;LTR&quot; align=&quot;LEFT&quot;&gt;&lt;strong&gt;Ein angenehmer Arbeitsplatz&lt;\/strong&gt;&lt;br \/&gt;\nDer Fahrer f\u00fchlt sich wohl an diesem Arbeitsplatz, denn diese ger\u00e4umige Sicherheitskabine bietet viel Platz, einen geringen Ger\u00e4uschpegel und eine leistungsstarke Heizungsanlage. Der Standard Fahrersitz wird mechanisch eingestellt und ein zus\u00e4tzlicher Beifahrersitz befindet sich rechts vom Fahrer in dieser Kabine.&lt;\/p&gt;\n'><div class='av-image-hotspot_inner'>4<\/div><div class='av-image-hotspot-pulse'><\/div><\/div><img decoding=\"async\" fetchpriority=\"high\" class='wp-image-2258 avia-img-lazy-loading-not-2258 avia_image' src=\"https:\/\/www.svetruck.se\/wp-content\/uploads\/2016\/06\/Svetruck1_cabin.jpg\" alt='' title='svetruck1_cabin'  height=\"960\" width=\"1984\"  itemprop=\"thumbnailUrl\" srcset=\"https:\/\/www.svetruck.se\/wp-content\/uploads\/2016\/06\/Svetruck1_cabin.jpg 1984w, https:\/\/www.svetruck.se\/wp-content\/uploads\/2016\/06\/Svetruck1_cabin-300x145.jpg 300w, https:\/\/www.svetruck.se\/wp-content\/uploads\/2016\/06\/Svetruck1_cabin-768x372.jpg 768w, https:\/\/www.svetruck.se\/wp-content\/uploads\/2016\/06\/Svetruck1_cabin-1030x498.jpg 1030w, https:\/\/www.svetruck.se\/wp-content\/uploads\/2016\/06\/Svetruck1_cabin-1500x726.jpg 1500w, https:\/\/www.svetruck.se\/wp-content\/uploads\/2016\/06\/Svetruck1_cabin-705x341.jpg 705w, https:\/\/www.svetruck.se\/wp-content\/uploads\/2016\/06\/Svetruck1_cabin-450x218.jpg 450w\" sizes=\"(max-width: 1984px) 100vw, 1984px\" \/><\/div><\/div><\/div><div class='av-hotspot-fallback-tooltip av-image-hotspot-1 '><div class=\"av-hotspot-fallback-tooltip-count\">1<div class=\"avia-arrow\"><\/div><\/div><div class=\"av-hotspot-fallback-tooltip-inner clearfix\"><\/p>\n<p dir=\"LTR\" align=\"LEFT\"><strong>Armaturen und Schalter<\/strong><br \/>\nKontrollleuchten f\u00fcr alle technischen Aggregate.<br \/>\nKippschalter f\u00fcr elektrische Verbraucher.<\/p>\n<p>\n<\/div><\/div><div class='av-hotspot-fallback-tooltip av-image-hotspot-2 '><div class=\"av-hotspot-fallback-tooltip-count\">2<div class=\"avia-arrow\"><\/div><\/div><div class=\"av-hotspot-fallback-tooltip-inner clearfix\"><\/p>\n<p dir=\"LTR\" align=\"LEFT\"><strong>Sicherheit und Sicht<\/strong><br \/>\nEine Fahrerkabine mit hohem Sicherheitsfaktor.<br \/>\nVierfach aufgeh\u00e4ngte T\u00fcren, stabile Dach-, Front-, R\u00fcck- und Seitenholme.<br \/>\nSicherer und bequemer Einstieg und optimale Sicht nach allen Seiten.<\/p>\n<p>\n<\/div><\/div><div class='av-hotspot-fallback-tooltip av-image-hotspot-3 '><div class=\"av-hotspot-fallback-tooltip-count\">3<div class=\"avia-arrow\"><\/div><\/div><div class=\"av-hotspot-fallback-tooltip-inner clearfix\"><\/p>\n<p dir=\"LTR\" align=\"LEFT\"><strong>Hydraulische Ansteuerung<\/strong><br \/>\nServo-Hydraulische Bedienhebel f\u00fcr alle Hubger\u00fcst- und Hydraulikfunktionen.<\/p>\n<p>\n<\/div><\/div><div class='av-hotspot-fallback-tooltip av-image-hotspot-4 '><div class=\"av-hotspot-fallback-tooltip-count\">4<div class=\"avia-arrow\"><\/div><\/div><div class=\"av-hotspot-fallback-tooltip-inner clearfix\"><\/p>\n<p dir=\"LTR\" align=\"LEFT\"><strong>Ein angenehmer Arbeitsplatz<\/strong><br \/>\nDer Fahrer f\u00fchlt sich wohl an diesem Arbeitsplatz, denn diese ger\u00e4umige Sicherheitskabine bietet viel Platz, einen geringen Ger\u00e4uschpegel und eine leistungsstarke Heizungsanlage. Der Standard Fahrersitz wird mechanisch eingestellt und ein zus\u00e4tzlicher Beifahrersitz befindet sich rechts vom Fahrer in dieser Kabine.<\/p>\n<p>\n<\/div><\/div><\/div>\n","protected":false},"excerpt":{"rendered":"","protected":false},"author":2,"featured_media":0,"parent":1603,"menu_order":0,"comment_status":"closed","ping_status":"closed","template":"","meta":{"_monsterinsights_skip_tracking":false,"_monsterinsights_sitenote_active":false,"_monsterinsights_sitenote_note":"","_monsterinsights_sitenote_category":0,"footnotes":""},"class_list":["post-1606","page","type-page","status-publish","hentry"],"aioseo_notices":[],"_links":{"self":[{"href":"https:\/\/www.svetruck.se\/de\/wp-json\/wp\/v2\/pages\/1606","targetHints":{"allow":["GET"]}}],"collection":[{"href":"https:\/\/www.svetruck.se\/de\/wp-json\/wp\/v2\/pages"}],"about":[{"href":"https:\/\/www.svetruck.se\/de\/wp-json\/wp\/v2\/types\/page"}],"author":[{"embeddable":true,"href":"https:\/\/www.svetruck.se\/de\/wp-json\/wp\/v2\/users\/2"}],"replies":[{"embeddable":true,"href":"https:\/\/www.svetruck.se\/de\/wp-json\/wp\/v2\/comments?post=1606"}],"version-history":[{"count":6,"href":"https:\/\/www.svetruck.se\/de\/wp-json\/wp\/v2\/pages\/1606\/revisions"}],"predecessor-version":[{"id":1740,"href":"https:\/\/www.svetruck.se\/de\/wp-json\/wp\/v2\/pages\/1606\/revisions\/1740"}],"up":[{"embeddable":true,"href":"https:\/\/www.svetruck.se\/de\/wp-json\/wp\/v2\/pages\/1603"}],"wp:attachment":[{"href":"https:\/\/www.svetruck.se\/de\/wp-json\/wp\/v2\/media?parent=1606"}],"curies":[{"name":"wp","href":"https:\/\/api.w.org\/{rel}","templated":true}]}}